{"id":4341,"date":"2025-10-09T14:19:43","date_gmt":"2025-10-09T13:19:43","guid":{"rendered":"https:\/\/www.christianestruyven.be\/fr\/femmes-artistes-belges-1970-1990-copy\/"},"modified":"2025-10-09T14:31:34","modified_gmt":"2025-10-09T13:31:34","slug":"femmes-artistes-internationales-davant-garde-1900-1940-2-2-2-2-2","status":"publish","type":"page","link":"https:\/\/www.christianestruyven.be\/fr\/femmes-artistes-internationales-davant-garde-1900-1940-2-2-2-2-2\/","title":{"rendered":"FEMMES ARTISTES BELGES 1990 &#8211; 2020"},"content":{"rendered":"<p><\/p>\n<!--themify_builder_content-->\r\n<div id=\"themify_builder_content-4341\" data-postid=\"4341\" class=\"themify_builder_content themify_builder_content-4341 themify_builder tf_clear\">\r\n    \t\t\t<!-- module_row -->\r\n\t<div  data-lazy=\"1\" class=\"module_row themify_builder_row wc subrow-no-btm-mrg tb_x6fq009 tb_first tf_w tf_clearfix\">\r\n\t    \t\t\t<div class=\"row_inner col_align_top tb_col_count_2 tf_box tf_rel\">\r\n\t\t            <div  data-lazy=\"1\" class=\"module_column tb-column col3-1 tb_flf0500 first\">\r\n                                                        <div class=\"tb-column-inner tf_box tf_w\">\r\n                        <!-- module image -->\r\n<div  class=\"module module-image tb_1til262   image-top tf_mw\" data-lazy=\"1\">\r\n        <div class=\"image-wrap tf_rel tf_mw\">\r\n\t\t    \t\r\n\t\t<\/div>\r\n\t<!-- \/image-wrap -->\r\n    \r\n    \t<\/div>\r\n<!-- \/module image --><!-- module text -->\r\n<div  class=\"module module-text tb_ahl4560   \" data-lazy=\"1\">\r\n    <h3 class=\"module-title\">FEMMES ARTISTES BELGES 1990 - 2020<\/h3>    <div  class=\"tb_text_wrap\">\r\n    <p style=\"font-weight: 400;\">\u00c0 l\u2019\u00e8re de la mondialisation, la Belgique compte un nombre important de femmes artistes contemporaines. Elles se distinguent par la qualit\u00e9 de leur \u0153uvre et par la diversit\u00e9 des genres, mat\u00e9riaux et th\u00e8mes. Marie-Jo Lafontaine r\u00e9alise des vid\u00e9os et des s\u00e9ries de photographies d\u2019athl\u00e8tes, de nageurs, de danseurs, d\u2019adolescents et de jeunes adultes. Fran\u00e7oise Schein installe des stations de m\u00e9tro dans plusieurs capitales europ\u00e9ennes en y inscrivant le texte de la D\u00e9claration europ\u00e9enne des droits humains. Depuis pr\u00e8s de quarante ans, Ann Veronica Janssens cr\u00e9e des sculptures irr\u00e9elles \u00e0 partir de la lumi\u00e8re, de la brume et de l\u2019eau. Berlinde De Bruyckere concentre son travail sur la souffrance humaine et sculpte des \u0153uvres en cire et en \u00e9poxy. Edith Dekyndt pr\u00e9sente des objets trouv\u00e9s qu\u2019elle retravaille par des processus naturels et physiques. Ilse D\u2019Hollander peint des paysages fragiles, \u00e0 la fronti\u00e8re du r\u00e9alisme et de l\u2019abstraction. Sofie Muller sculpte, peint et dessine une \u0153uvre vaste, marqu\u00e9e par une profonde humanit\u00e9. L\u2019artiste nig\u00e9riane Otobong Nkanga construit des installations monumentales qui \u00e9voquent les d\u00e9g\u00e2ts \u00e9cologiques en Afrique. Tina Gillen, quant \u00e0 elle, travaille sur la domination industrielle de l\u2019homme sur la nature.<\/p>    <\/div>\r\n<\/div>\r\n<!-- \/module text -->                    <\/div>\r\n                            <\/div>\r\n                        <div  data-lazy=\"1\" class=\"module_column tb-column col3-2 tb_g3on004 last\">\r\n                                                        <div class=\"tb-column-inner tf_box tf_w\">\r\n                        \t<div  data-lazy=\"1\" class=\"module_subrow themify_builder_sub_row tb_uz60604 tf_w tf_clearfix\">\r\n\t    \t\t\t<div class=\"subrow_inner col_align_top gutter-none tb_col_count_3 tf_box tf_w\">\r\n\t\t            <div  data-lazy=\"1\" class=\"module_column sub_column col3-1 tb_a30b464 first\">\r\n                                                        <div class=\"tb-column-inner tf_box tf_w\">\r\n                        <!-- module image -->\r\n<div  class=\"module module-image tb_jsys675   image-top auto_fullwidth tf_mw\" data-lazy=\"1\">\r\n        <div class=\"image-wrap tf_rel tf_mw\">\r\n\t\t    <img loading=\"lazy\" decoding=\"async\" src=\"https:\/\/www.christianestruyven.be\/wp-content\/uploads\/2025\/10\/23-249x305.jpg\" width=\"249\" height=\"305\" class=\"wp-post-image wp-image-4345\" title=\"23\" alt=\"23\">\t\r\n\t\t<\/div>\r\n\t<!-- \/image-wrap -->\r\n    \r\n    \t<\/div>\r\n<!-- \/module image -->                    <\/div>\r\n                            <\/div>\r\n                        <div  data-lazy=\"1\" class=\"module_column sub_column col3-1 tb_jtdn040\">\r\n                                                        <div class=\"tb-column-inner tf_box tf_w\">\r\n                        <!-- module image -->\r\n<div  class=\"module module-image tb_qfl3040   image-top tf_mw\" data-lazy=\"1\">\r\n        <div class=\"image-wrap tf_rel tf_mw\">\r\n\t\t    <img loading=\"lazy\" decoding=\"async\" src=\"https:\/\/www.christianestruyven.be\/wp-content\/uploads\/2025\/10\/24-249x306.jpg\" width=\"249\" height=\"306\" class=\"wp-post-image wp-image-4346\" title=\"24\" alt=\"24\">\t\r\n\t\t<\/div>\r\n\t<!-- \/image-wrap -->\r\n    \r\n    \t<\/div>\r\n<!-- \/module image -->                    <\/div>\r\n                            <\/div>\r\n                        <div  data-lazy=\"1\" class=\"module_column sub_column col3-1 tb_320q010 last\">\r\n                                                        <div class=\"tb-column-inner tf_box tf_w\">\r\n                        <!-- module image -->\r\n<div  class=\"module module-image tb_9cao654   image-top auto_fullwidth tf_mw\" data-lazy=\"1\">\r\n        <div class=\"image-wrap tf_rel tf_mw\">\r\n\t\t    <img loading=\"lazy\" decoding=\"async\" src=\"https:\/\/www.christianestruyven.be\/wp-content\/uploads\/2025\/10\/25-249x305.jpg\" width=\"249\" height=\"305\" class=\"wp-post-image wp-image-4347\" title=\"25\" alt=\"25\">\t\r\n\t\t<\/div>\r\n\t<!-- \/image-wrap -->\r\n    \r\n    \t<\/div>\r\n<!-- \/module image -->                    <\/div>\r\n                            <\/div>\r\n            \t    <\/div>\r\n\t<\/div><!-- \/themify_builder_sub_row -->\r\n\t\t<div  data-lazy=\"1\" class=\"module_subrow themify_builder_sub_row tb_nb0o010 tf_w tf_clearfix\">\r\n\t    \t\t\t<div class=\"subrow_inner col_align_top gutter-none tb_col_count_2 tf_box tf_w\">\r\n\t\t            <div  data-lazy=\"1\" class=\"module_column sub_column col4-2 tb_4z5x446 first\">\r\n                                                        <div class=\"tb-column-inner tf_box tf_w\">\r\n                        <!-- module image -->\r\n<div  class=\"module module-image tb_uuu3646   image-top auto_fullwidth tf_mw\" data-lazy=\"1\">\r\n        <div class=\"image-wrap tf_rel tf_mw\">\r\n\t\t    <img loading=\"lazy\" decoding=\"async\" src=\"https:\/\/www.christianestruyven.be\/wp-content\/uploads\/2025\/10\/26-373x255.jpg\" width=\"373\" height=\"255\" class=\"wp-post-image wp-image-4348\" title=\"26\" alt=\"26\">\t\r\n\t\t<\/div>\r\n\t<!-- \/image-wrap -->\r\n    \r\n    \t<\/div>\r\n<!-- \/module image -->                    <\/div>\r\n                            <\/div>\r\n                        <div  data-lazy=\"1\" class=\"module_column sub_column col4-2 tb_f1a4066 last\">\r\n                                                        <div class=\"tb-column-inner tf_box tf_w\">\r\n                        <!-- module image -->\r\n<div  class=\"module module-image tb_ab1e000   image-top auto_fullwidth tf_mw\" data-lazy=\"1\">\r\n        <div class=\"image-wrap tf_rel tf_mw\">\r\n\t\t    <img loading=\"lazy\" decoding=\"async\" src=\"https:\/\/www.christianestruyven.be\/wp-content\/uploads\/2025\/10\/27-373x256.jpg\" width=\"373\" height=\"256\" class=\"wp-post-image wp-image-4349\" title=\"27\" alt=\"27\">\t\r\n\t\t<\/div>\r\n\t<!-- \/image-wrap -->\r\n    \r\n    \t<\/div>\r\n<!-- \/module image -->                    <\/div>\r\n                            <\/div>\r\n            \t    <\/div>\r\n\t<\/div><!-- \/themify_builder_sub_row -->\r\n\t<!-- module text -->\r\n<div  class=\"module module-text tb_e2p2851   \" data-lazy=\"1\">\r\n        <div  class=\"tb_text_wrap\">\r\n    <p style=\"text-align: center;\"><a href=\"\/fr\/contact\">Contactez-moi<\/a> pour plus d&#8217;informations.<\/p>    <\/div>\r\n<\/div>\r\n<!-- \/module text -->                    <\/div>\r\n                            <\/div>\r\n            \t    <\/div>\r\n\t    <!-- \/row_inner -->\r\n\t<\/div>\r\n\t<!-- \/module_row -->\r\n\t<\/div>\r\n<!--\/themify_builder_content-->","protected":false},"excerpt":{"rendered":"<p>FEMMES ARTISTES BELGES 1990 &#8211; 2020 \u00c0 l\u2019\u00e8re de la mondialisation, la Belgique compte un nombre important de femmes artistes contemporaines. Elles se distinguent par la qualit\u00e9 de leur \u0153uvre et par la diversit\u00e9 des genres, mat\u00e9riaux et th\u00e8mes. Marie-Jo Lafontaine r\u00e9alise des vid\u00e9os et des s\u00e9ries de photographies d\u2019athl\u00e8tes, de nageurs, de danseurs, d\u2019adolescents [&hellip;]<\/p>\n","protected":false},"author":5,"featured_media":0,"parent":0,"menu_order":0,"comment_status":"open","ping_status":"closed","template":"page.php","meta":{"footnotes":""},"class_list":["post-4341","page","type-page","status-publish","hentry"],"builder_content":"\n<h3>FEMMES ARTISTES BELGES 1990 - 2020<\/h3> \n <p style=\"font-weight: 400;\">\u00c0 l\u2019\u00e8re de la mondialisation, la Belgique compte un nombre important de femmes artistes contemporaines. Elles se distinguent par la qualit\u00e9 de leur \u0153uvre et par la diversit\u00e9 des genres, mat\u00e9riaux et th\u00e8mes. Marie-Jo Lafontaine r\u00e9alise des vid\u00e9os et des s\u00e9ries de photographies d\u2019athl\u00e8tes, de nageurs, de danseurs, d\u2019adolescents et de jeunes adultes. Fran\u00e7oise Schein installe des stations de m\u00e9tro dans plusieurs capitales europ\u00e9ennes en y inscrivant le texte de la D\u00e9claration europ\u00e9enne des droits humains. Depuis pr\u00e8s de quarante ans, Ann Veronica Janssens cr\u00e9e des sculptures irr\u00e9elles \u00e0 partir de la lumi\u00e8re, de la brume et de l\u2019eau. Berlinde De Bruyckere concentre son travail sur la souffrance humaine et sculpte des \u0153uvres en cire et en \u00e9poxy. Edith Dekyndt pr\u00e9sente des objets trouv\u00e9s qu\u2019elle retravaille par des processus naturels et physiques. Ilse D\u2019Hollander peint des paysages fragiles, \u00e0 la fronti\u00e8re du r\u00e9alisme et de l\u2019abstraction. Sofie Muller sculpte, peint et dessine une \u0153uvre vaste, marqu\u00e9e par une profonde humanit\u00e9. L\u2019artiste nig\u00e9riane Otobong Nkanga construit des installations monumentales qui \u00e9voquent les d\u00e9g\u00e2ts \u00e9cologiques en Afrique. Tina Gillen, quant \u00e0 elle, travaille sur la domination industrielle de l\u2019homme sur la nature.<\/p>\n<img src=\"https:\/\/www.christianestruyven.be\/wp-content\/uploads\/2025\/10\/23-249x305.jpg\" width=\"249\" height=\"305\" title=\"23\" alt=\"23\">\n<img src=\"https:\/\/www.christianestruyven.be\/wp-content\/uploads\/2025\/10\/24-249x306.jpg\" width=\"249\" height=\"306\" title=\"24\" alt=\"24\">\n<img src=\"https:\/\/www.christianestruyven.be\/wp-content\/uploads\/2025\/10\/25-249x305.jpg\" width=\"249\" height=\"305\" title=\"25\" alt=\"25\">\n<img src=\"https:\/\/www.christianestruyven.be\/wp-content\/uploads\/2025\/10\/26-373x255.jpg\" width=\"373\" height=\"255\" title=\"26\" alt=\"26\">\n<img src=\"https:\/\/www.christianestruyven.be\/wp-content\/uploads\/2025\/10\/27-373x256.jpg\" width=\"373\" height=\"256\" title=\"27\" alt=\"27\">\n<p style=\"text-align: center;\"><a href=\"\/fr\/contact\">Contactez-moi<\/a> pour plus d'informations.<\/p>","_links":{"self":[{"href":"https:\/\/www.christianestruyven.be\/fr\/wp-json\/wp\/v2\/pages\/4341","targetHints":{"allow":["GET"]}}],"collection":[{"href":"https:\/\/www.christianestruyven.be\/fr\/wp-json\/wp\/v2\/pages"}],"about":[{"href":"https:\/\/www.christianestruyven.be\/fr\/wp-json\/wp\/v2\/types\/page"}],"author":[{"embeddable":true,"href":"https:\/\/www.christianestruyven.be\/fr\/wp-json\/wp\/v2\/users\/5"}],"replies":[{"embeddable":true,"href":"https:\/\/www.christianestruyven.be\/fr\/wp-json\/wp\/v2\/comments?post=4341"}],"version-history":[{"count":14,"href":"https:\/\/www.christianestruyven.be\/fr\/wp-json\/wp\/v2\/pages\/4341\/revisions"}],"predecessor-version":[{"id":4367,"href":"https:\/\/www.christianestruyven.be\/fr\/wp-json\/wp\/v2\/pages\/4341\/revisions\/4367"}],"wp:attachment":[{"href":"https:\/\/www.christianestruyven.be\/fr\/wp-json\/wp\/v2\/media?parent=4341"}],"curies":[{"name":"wp","href":"https:\/\/api.w.org\/{rel}","templated":true}]}}