{"id":4328,"date":"2025-10-09T14:17:34","date_gmt":"2025-10-09T13:17:34","guid":{"rendered":"https:\/\/www.christianestruyven.be\/fr\/femmes-artistes-belges-1945-1970-copy\/"},"modified":"2025-10-09T14:19:43","modified_gmt":"2025-10-09T13:19:43","slug":"femmes-artistes-internationales-davant-garde-1900-1940-2-2-2-2","status":"publish","type":"page","link":"https:\/\/www.christianestruyven.be\/fr\/femmes-artistes-internationales-davant-garde-1900-1940-2-2-2-2\/","title":{"rendered":"FEMMES ARTISTES BELGES 1970 &#8211; 1990"},"content":{"rendered":"<p><\/p>\n<!--themify_builder_content-->\r\n<div id=\"themify_builder_content-4328\" data-postid=\"4328\" class=\"themify_builder_content themify_builder_content-4328 themify_builder tf_clear\">\r\n    \t\t\t<!-- module_row -->\r\n\t<div  data-lazy=\"1\" class=\"module_row themify_builder_row wc subrow-no-btm-mrg tb_wkcr550 tb_first tf_w tf_clearfix\">\r\n\t    \t\t\t<div class=\"row_inner col_align_top tb_col_count_2 tf_box tf_rel\">\r\n\t\t            <div  data-lazy=\"1\" class=\"module_column tb-column col3-1 tb_ffy8500 first\">\r\n                                                        <div class=\"tb-column-inner tf_box tf_w\">\r\n                        <!-- module image -->\r\n<div  class=\"module module-image tb_fd8n002   image-top tf_mw\" data-lazy=\"1\">\r\n        <div class=\"image-wrap tf_rel tf_mw\">\r\n\t\t    \t\r\n\t\t<\/div>\r\n\t<!-- \/image-wrap -->\r\n    \r\n    \t<\/div>\r\n<!-- \/module image --><!-- module text -->\r\n<div  class=\"module module-text tb_mkqn376   \" data-lazy=\"1\">\r\n    <h3 class=\"module-title\">FEMMES ARTISTES BELGES 1970 - 1990<\/h3>    <div  class=\"tb_text_wrap\">\r\n    <p style=\"font-weight: 400;\">En 1970, la seconde vague f\u00e9ministe explose en Belgique. Des femmes artistes belges s\u2019engagent dans l\u2019art f\u00e9ministe. Elles explorent de nouveaux m\u00e9dias\u00a0: photographie, vid\u00e9o, film, installations et utilisent des mat\u00e9riaux in\u00e9dits comme le textile, le caoutchouc, le latex ou le plexiglas. Evelyne Axell, figure flamboyante, incarne la femme sexuellement lib\u00e9r\u00e9e. Liliane Vertessen signe des photomontages suggestifs et s\u2019y met en sc\u00e8ne comme une femme libre. Chantal Akerman tourne en 1973 <em>Jeanne Dielman, quai du Commerce 23, 1080 Bruxelles<\/em>, consacr\u00e9 en 2022 comme le plus grand film de la d\u00e9cennie 2012-2022. Lili Dujourie et Tapta surprennent avec des sculptures en fils, cordes et n\u00e9opr\u00e8ne. Anne-Mie Van Kerckhoven travaille l\u2019image f\u00e9minine sur du plexiglas. Marthe W\u00e9ry poursuit l\u2019abstraction en peinture. Jacqueline Mesmaeker et Marianne Berenhaut s\u2019inscrivent dans une veine postmoderniste mais ne seront pleinement reconnues qu\u2019\u00e0 partir de 2020.<\/p>    <\/div>\r\n<\/div>\r\n<!-- \/module text -->                    <\/div>\r\n                            <\/div>\r\n                        <div  data-lazy=\"1\" class=\"module_column tb-column col3-2 tb_ac4t455 last\">\r\n                                                        <div class=\"tb-column-inner tf_box tf_w\">\r\n                        \t<div  data-lazy=\"1\" class=\"module_subrow themify_builder_sub_row tb_xztw555 tf_w tf_clearfix\">\r\n\t    \t\t\t<div class=\"subrow_inner col_align_top gutter-none tb_col_count_3 tf_box tf_w\">\r\n\t\t            <div  data-lazy=\"1\" class=\"module_column sub_column col3-1 tb_mez3605 first\">\r\n                                                        <div class=\"tb-column-inner tf_box tf_w\">\r\n                        <!-- module image -->\r\n<div  class=\"module module-image tb_6xvm620   image-top auto_fullwidth tf_mw\" data-lazy=\"1\">\r\n        <div class=\"image-wrap tf_rel tf_mw\">\r\n\t\t    <img loading=\"lazy\" decoding=\"async\" src=\"https:\/\/www.christianestruyven.be\/wp-content\/uploads\/2025\/10\/18-249x305.jpg\" width=\"249\" height=\"305\" class=\"wp-post-image wp-image-4332\" title=\"18\" alt=\"18\">\t\r\n\t\t<\/div>\r\n\t<!-- \/image-wrap -->\r\n    \r\n    \t<\/div>\r\n<!-- \/module image -->                    <\/div>\r\n                            <\/div>\r\n                        <div  data-lazy=\"1\" class=\"module_column sub_column col3-1 tb_song670\">\r\n                                                        <div class=\"tb-column-inner tf_box tf_w\">\r\n                        <!-- module image -->\r\n<div  class=\"module module-image tb_euom797   image-top tf_mw\" data-lazy=\"1\">\r\n        <div class=\"image-wrap tf_rel tf_mw\">\r\n\t\t    <img loading=\"lazy\" decoding=\"async\" src=\"https:\/\/www.christianestruyven.be\/wp-content\/uploads\/2025\/10\/19-249x306.jpg\" width=\"249\" height=\"306\" class=\"wp-post-image wp-image-4333\" title=\"19\" alt=\"19\">\t\r\n\t\t<\/div>\r\n\t<!-- \/image-wrap -->\r\n    \r\n    \t<\/div>\r\n<!-- \/module image -->                    <\/div>\r\n                            <\/div>\r\n                        <div  data-lazy=\"1\" class=\"module_column sub_column col3-1 tb_52hz626 last\">\r\n                                                        <div class=\"tb-column-inner tf_box tf_w\">\r\n                        <!-- module image -->\r\n<div  class=\"module module-image tb_mk5r750   image-top auto_fullwidth tf_mw\" data-lazy=\"1\">\r\n        <div class=\"image-wrap tf_rel tf_mw\">\r\n\t\t    <img loading=\"lazy\" decoding=\"async\" src=\"https:\/\/www.christianestruyven.be\/wp-content\/uploads\/2025\/10\/20-249x305.jpg\" width=\"249\" height=\"305\" class=\"wp-post-image wp-image-4334\" title=\"20\" alt=\"20\">\t\r\n\t\t<\/div>\r\n\t<!-- \/image-wrap -->\r\n    \r\n    \t<\/div>\r\n<!-- \/module image -->                    <\/div>\r\n                            <\/div>\r\n            \t    <\/div>\r\n\t<\/div><!-- \/themify_builder_sub_row -->\r\n\t\t<div  data-lazy=\"1\" class=\"module_subrow themify_builder_sub_row tb_shq1762 tf_w tf_clearfix\">\r\n\t    \t\t\t<div class=\"subrow_inner col_align_top gutter-none tb_col_count_2 tf_box tf_w\">\r\n\t\t            <div  data-lazy=\"1\" class=\"module_column sub_column col4-2 tb_kil4623 first\">\r\n                                                        <div class=\"tb-column-inner tf_box tf_w\">\r\n                        <!-- module image -->\r\n<div  class=\"module module-image tb_iqpq200   image-top auto_fullwidth tf_mw\" data-lazy=\"1\">\r\n        <div class=\"image-wrap tf_rel tf_mw\">\r\n\t\t    <img loading=\"lazy\" decoding=\"async\" src=\"https:\/\/www.christianestruyven.be\/wp-content\/uploads\/2025\/10\/21-373x442.jpg\" width=\"373\" height=\"442\" class=\"wp-post-image wp-image-4335\" title=\"21\" alt=\"21\">\t\r\n\t\t<\/div>\r\n\t<!-- \/image-wrap -->\r\n    \r\n    \t<\/div>\r\n<!-- \/module image -->                    <\/div>\r\n                            <\/div>\r\n                        <div  data-lazy=\"1\" class=\"module_column sub_column col4-2 tb_j1b5605 last\">\r\n                                                        <div class=\"tb-column-inner tf_box tf_w\">\r\n                        <!-- module image -->\r\n<div  class=\"module module-image tb_nkqe066   image-top auto_fullwidth tf_mw\" data-lazy=\"1\">\r\n        <div class=\"image-wrap tf_rel tf_mw\">\r\n\t\t    <img loading=\"lazy\" decoding=\"async\" src=\"https:\/\/www.christianestruyven.be\/wp-content\/uploads\/2025\/10\/22-373x443.jpg\" width=\"373\" height=\"443\" class=\"wp-post-image wp-image-4336\" title=\"22\" alt=\"22\">\t\r\n\t\t<\/div>\r\n\t<!-- \/image-wrap -->\r\n    \r\n    \t<\/div>\r\n<!-- \/module image -->                    <\/div>\r\n                            <\/div>\r\n            \t    <\/div>\r\n\t<\/div><!-- \/themify_builder_sub_row -->\r\n\t<!-- module text -->\r\n<div  class=\"module module-text tb_g9ul060   \" data-lazy=\"1\">\r\n        <div  class=\"tb_text_wrap\">\r\n    <p style=\"text-align: center;\"><a href=\"\/fr\/contact\">Contactez-moi<\/a> pour plus d&#8217;informations.<\/p>    <\/div>\r\n<\/div>\r\n<!-- \/module text -->                    <\/div>\r\n                            <\/div>\r\n            \t    <\/div>\r\n\t    <!-- \/row_inner -->\r\n\t<\/div>\r\n\t<!-- \/module_row -->\r\n\t<\/div>\r\n<!--\/themify_builder_content-->","protected":false},"excerpt":{"rendered":"<p>FEMMES ARTISTES BELGES 1970 &#8211; 1990 En 1970, la seconde vague f\u00e9ministe explose en Belgique. Des femmes artistes belges s\u2019engagent dans l\u2019art f\u00e9ministe. Elles explorent de nouveaux m\u00e9dias\u00a0: photographie, vid\u00e9o, film, installations et utilisent des mat\u00e9riaux in\u00e9dits comme le textile, le caoutchouc, le latex ou le plexiglas. Evelyne Axell, figure flamboyante, incarne la femme sexuellement [&hellip;]<\/p>\n","protected":false},"author":5,"featured_media":0,"parent":0,"menu_order":0,"comment_status":"open","ping_status":"closed","template":"page.php","meta":{"footnotes":""},"class_list":["post-4328","page","type-page","status-publish","hentry"],"builder_content":"\n<h3>FEMMES ARTISTES BELGES 1970 - 1990<\/h3> \n <p style=\"font-weight: 400;\">En 1970, la seconde vague f\u00e9ministe explose en Belgique. Des femmes artistes belges s\u2019engagent dans l\u2019art f\u00e9ministe. Elles explorent de nouveaux m\u00e9dias\u00a0: photographie, vid\u00e9o, film, installations et utilisent des mat\u00e9riaux in\u00e9dits comme le textile, le caoutchouc, le latex ou le plexiglas. Evelyne Axell, figure flamboyante, incarne la femme sexuellement lib\u00e9r\u00e9e. Liliane Vertessen signe des photomontages suggestifs et s\u2019y met en sc\u00e8ne comme une femme libre. Chantal Akerman tourne en 1973 <em>Jeanne Dielman, quai du Commerce 23, 1080 Bruxelles<\/em>, consacr\u00e9 en 2022 comme le plus grand film de la d\u00e9cennie 2012-2022. Lili Dujourie et Tapta surprennent avec des sculptures en fils, cordes et n\u00e9opr\u00e8ne. Anne-Mie Van Kerckhoven travaille l\u2019image f\u00e9minine sur du plexiglas. Marthe W\u00e9ry poursuit l\u2019abstraction en peinture. Jacqueline Mesmaeker et Marianne Berenhaut s\u2019inscrivent dans une veine postmoderniste mais ne seront pleinement reconnues qu\u2019\u00e0 partir de 2020.<\/p>\n<img src=\"https:\/\/www.christianestruyven.be\/wp-content\/uploads\/2025\/10\/18-249x305.jpg\" width=\"249\" height=\"305\" title=\"18\" alt=\"18\">\n<img src=\"https:\/\/www.christianestruyven.be\/wp-content\/uploads\/2025\/10\/19-249x306.jpg\" width=\"249\" height=\"306\" title=\"19\" alt=\"19\">\n<img src=\"https:\/\/www.christianestruyven.be\/wp-content\/uploads\/2025\/10\/20-249x305.jpg\" width=\"249\" height=\"305\" title=\"20\" alt=\"20\">\n<img src=\"https:\/\/www.christianestruyven.be\/wp-content\/uploads\/2025\/10\/21-373x442.jpg\" width=\"373\" height=\"442\" title=\"21\" alt=\"21\">\n<img src=\"https:\/\/www.christianestruyven.be\/wp-content\/uploads\/2025\/10\/22-373x443.jpg\" width=\"373\" height=\"443\" title=\"22\" alt=\"22\">\n<p style=\"text-align: center;\"><a href=\"\/fr\/contact\">Contactez-moi<\/a> pour plus d'informations.<\/p>","_links":{"self":[{"href":"https:\/\/www.christianestruyven.be\/fr\/wp-json\/wp\/v2\/pages\/4328","targetHints":{"allow":["GET"]}}],"collection":[{"href":"https:\/\/www.christianestruyven.be\/fr\/wp-json\/wp\/v2\/pages"}],"about":[{"href":"https:\/\/www.christianestruyven.be\/fr\/wp-json\/wp\/v2\/types\/page"}],"author":[{"embeddable":true,"href":"https:\/\/www.christianestruyven.be\/fr\/wp-json\/wp\/v2\/users\/5"}],"replies":[{"embeddable":true,"href":"https:\/\/www.christianestruyven.be\/fr\/wp-json\/wp\/v2\/comments?post=4328"}],"version-history":[{"count":7,"href":"https:\/\/www.christianestruyven.be\/fr\/wp-json\/wp\/v2\/pages\/4328\/revisions"}],"predecessor-version":[{"id":4340,"href":"https:\/\/www.christianestruyven.be\/fr\/wp-json\/wp\/v2\/pages\/4328\/revisions\/4340"}],"wp:attachment":[{"href":"https:\/\/www.christianestruyven.be\/fr\/wp-json\/wp\/v2\/media?parent=4328"}],"curies":[{"name":"wp","href":"https:\/\/api.w.org\/{rel}","templated":true}]}}