{"id":4297,"date":"2025-10-09T14:11:28","date_gmt":"2025-10-09T13:11:28","guid":{"rendered":"https:\/\/www.christianestruyven.be\/fr\/femmes-artistes-belges-1880-1920-copy-copy\/"},"modified":"2025-10-09T14:17:33","modified_gmt":"2025-10-09T13:17:33","slug":"femmes-artistes-internationales-davant-garde-1900-1940-2-2-2","status":"publish","type":"page","link":"https:\/\/www.christianestruyven.be\/fr\/femmes-artistes-internationales-davant-garde-1900-1940-2-2-2\/","title":{"rendered":"FEMMES ARTISTES BELGES 1945-1970"},"content":{"rendered":"<p><\/p>\n<!--themify_builder_content-->\r\n<div id=\"themify_builder_content-4297\" data-postid=\"4297\" class=\"themify_builder_content themify_builder_content-4297 themify_builder tf_clear\">\r\n    \t\t\t<!-- module_row -->\r\n\t<div  data-lazy=\"1\" class=\"module_row themify_builder_row wc subrow-no-btm-mrg tb_6t1c039 tb_first tf_w tf_clearfix\">\r\n\t    \t\t\t<div class=\"row_inner col_align_top tb_col_count_2 tf_box tf_rel\">\r\n\t\t            <div  data-lazy=\"1\" class=\"module_column tb-column col3-1 tb_mbxp649 first\">\r\n                                                        <div class=\"tb-column-inner tf_box tf_w\">\r\n                        <!-- module image -->\r\n<div  class=\"module module-image tb_hwej846   image-top tf_mw\" data-lazy=\"1\">\r\n        <div class=\"image-wrap tf_rel tf_mw\">\r\n\t\t    \t\r\n\t\t<\/div>\r\n\t<!-- \/image-wrap -->\r\n    \r\n    \t<\/div>\r\n<!-- \/module image --><!-- module text -->\r\n<div  class=\"module module-text tb_27sx064   \" data-lazy=\"1\">\r\n    <h3 class=\"module-title\">FEMMES ARTISTES BELGES 1945-1970<\/h3>    <div  class=\"tb_text_wrap\">\r\n    <p style=\"font-weight: 400;\">Apr\u00e8s la Seconde Guerre mondiale, les femmes belges obtiennent enfin le droit de vote. Mais l\u2019\u00c9glise catholique reste omnipr\u00e9sente, au sommet de son influence sociale : aux femmes, on r\u00e9serve toujours les enfants, le mari et la maison. En 1945, le groupe de La Jeune Peinture Belge voit le jour, comptant parmi ses fondateurs Mig Quinet et Anne Bonnet. Trois ans plus tard, en 1948, l\u2019abstraction s\u2019impose avec force en Belgique port\u00e9e par Mig Quinet, Anne Bonnet, Francine Holley et Stella Van der Auwera. Durant les ann\u00e9es 1940, le surr\u00e9alisme accueille aussi des artistes belges comme Jane Graverol, Rachel Baes et Suzanne Van Damme. La peintre autrichienne H\u00e9l\u00e8ne Riedel, install\u00e9e \u00e0 Bruxelles, compose quant \u00e0 elle des paysages abstraits lumineux et devient une figure marquante de la sc\u00e8ne artistique.<\/p>    <\/div>\r\n<\/div>\r\n<!-- \/module text -->                    <\/div>\r\n                            <\/div>\r\n                        <div  data-lazy=\"1\" class=\"module_column tb-column col3-2 tb_0jbw011 last\">\r\n                                                        <div class=\"tb-column-inner tf_box tf_w\">\r\n                        \t<div  data-lazy=\"1\" class=\"module_subrow themify_builder_sub_row tb_hng0422 tf_w tf_clearfix\">\r\n\t    \t\t\t<div class=\"subrow_inner col_align_top gutter-none tb_col_count_3 tf_box tf_w\">\r\n\t\t            <div  data-lazy=\"1\" class=\"module_column sub_column col3-1 tb_46p3099 first\">\r\n                                                        <div class=\"tb-column-inner tf_box tf_w\">\r\n                        <!-- module image -->\r\n<div  class=\"module module-image tb_t4ri546   image-top auto_fullwidth tf_mw\" data-lazy=\"1\">\r\n        <div class=\"image-wrap tf_rel tf_mw\">\r\n\t\t    <img loading=\"lazy\" decoding=\"async\" src=\"https:\/\/www.christianestruyven.be\/wp-content\/uploads\/2025\/10\/13-1-249x305.jpg\" width=\"249\" height=\"305\" class=\"wp-post-image wp-image-4310\" title=\"13\" alt=\"13\">\t\r\n\t\t<\/div>\r\n\t<!-- \/image-wrap -->\r\n    \r\n    \t<\/div>\r\n<!-- \/module image -->                    <\/div>\r\n                            <\/div>\r\n                        <div  data-lazy=\"1\" class=\"module_column sub_column col3-1 tb_8auu940\">\r\n                                                        <div class=\"tb-column-inner tf_box tf_w\">\r\n                        <!-- module image -->\r\n<div  class=\"module module-image tb_xqc9600   image-top tf_mw\" data-lazy=\"1\">\r\n        <div class=\"image-wrap tf_rel tf_mw\">\r\n\t\t    <img loading=\"lazy\" decoding=\"async\" src=\"https:\/\/www.christianestruyven.be\/wp-content\/uploads\/2025\/10\/14-1-249x306.jpg\" width=\"249\" height=\"306\" class=\"wp-post-image wp-image-4311\" title=\"14\" alt=\"14\">\t\r\n\t\t<\/div>\r\n\t<!-- \/image-wrap -->\r\n    \r\n    \t<\/div>\r\n<!-- \/module image -->                    <\/div>\r\n                            <\/div>\r\n                        <div  data-lazy=\"1\" class=\"module_column sub_column col3-1 tb_ecqg009 last\">\r\n                                                        <div class=\"tb-column-inner tf_box tf_w\">\r\n                        <!-- module image -->\r\n<div  class=\"module module-image tb_5yvr990   image-top auto_fullwidth tf_mw\" data-lazy=\"1\">\r\n        <div class=\"image-wrap tf_rel tf_mw\">\r\n\t\t    <img loading=\"lazy\" decoding=\"async\" src=\"https:\/\/www.christianestruyven.be\/wp-content\/uploads\/2025\/10\/15-1-249x305.jpg\" width=\"249\" height=\"305\" class=\"wp-post-image wp-image-4312\" title=\"15\" alt=\"15\">\t\r\n\t\t<\/div>\r\n\t<!-- \/image-wrap -->\r\n    \r\n    \t<\/div>\r\n<!-- \/module image -->                    <\/div>\r\n                            <\/div>\r\n            \t    <\/div>\r\n\t<\/div><!-- \/themify_builder_sub_row -->\r\n\t\t<div  data-lazy=\"1\" class=\"module_subrow themify_builder_sub_row tb_4hee006 tf_w tf_clearfix\">\r\n\t    \t\t\t<div class=\"subrow_inner col_align_top gutter-none tb_col_count_2 tf_box tf_w\">\r\n\t\t            <div  data-lazy=\"1\" class=\"module_column sub_column col4-2 tb_jma1909 first\">\r\n                                                        <div class=\"tb-column-inner tf_box tf_w\">\r\n                        <!-- module image -->\r\n<div  class=\"module module-image tb_r0b2419   image-top auto_fullwidth tf_mw\" data-lazy=\"1\">\r\n        <div class=\"image-wrap tf_rel tf_mw\">\r\n\t\t    <img loading=\"lazy\" decoding=\"async\" src=\"https:\/\/www.christianestruyven.be\/wp-content\/uploads\/2025\/10\/16-1-373x442.jpg\" width=\"373\" height=\"442\" class=\"wp-post-image wp-image-4313\" title=\"16\" alt=\"16\">\t\r\n\t\t<\/div>\r\n\t<!-- \/image-wrap -->\r\n    \r\n    \t<\/div>\r\n<!-- \/module image -->                    <\/div>\r\n                            <\/div>\r\n                        <div  data-lazy=\"1\" class=\"module_column sub_column col4-2 tb_ehxz910 last\">\r\n                                                        <div class=\"tb-column-inner tf_box tf_w\">\r\n                        <!-- module image -->\r\n<div  class=\"module module-image tb_ijnw034   image-top auto_fullwidth tf_mw\" data-lazy=\"1\">\r\n        <div class=\"image-wrap tf_rel tf_mw\">\r\n\t\t    <img loading=\"lazy\" decoding=\"async\" src=\"https:\/\/www.christianestruyven.be\/wp-content\/uploads\/2025\/10\/17-1-373x443.jpg\" width=\"373\" height=\"443\" class=\"wp-post-image wp-image-4314\" title=\"17\" alt=\"17\">\t\r\n\t\t<\/div>\r\n\t<!-- \/image-wrap -->\r\n    \r\n    \t<\/div>\r\n<!-- \/module image -->                    <\/div>\r\n                            <\/div>\r\n            \t    <\/div>\r\n\t<\/div><!-- \/themify_builder_sub_row -->\r\n\t<!-- module text -->\r\n<div  class=\"module module-text tb_dbh5060   \" data-lazy=\"1\">\r\n        <div  class=\"tb_text_wrap\">\r\n    <p style=\"text-align: center;\"><a href=\"\/fr\/contact\">Contactez-moi<\/a> pour plus d&#8217;informations.<\/p>    <\/div>\r\n<\/div>\r\n<!-- \/module text -->                    <\/div>\r\n                            <\/div>\r\n            \t    <\/div>\r\n\t    <!-- \/row_inner -->\r\n\t<\/div>\r\n\t<!-- \/module_row -->\r\n\t<\/div>\r\n<!--\/themify_builder_content-->","protected":false},"excerpt":{"rendered":"<p>FEMMES ARTISTES BELGES 1945-1970 Apr\u00e8s la Seconde Guerre mondiale, les femmes belges obtiennent enfin le droit de vote. Mais l\u2019\u00c9glise catholique reste omnipr\u00e9sente, au sommet de son influence sociale : aux femmes, on r\u00e9serve toujours les enfants, le mari et la maison. En 1945, le groupe de La Jeune Peinture Belge voit le jour, comptant [&hellip;]<\/p>\n","protected":false},"author":5,"featured_media":0,"parent":0,"menu_order":0,"comment_status":"open","ping_status":"closed","template":"page.php","meta":{"footnotes":""},"class_list":["post-4297","page","type-page","status-publish","hentry"],"builder_content":"\n<h3>FEMMES ARTISTES BELGES 1945-1970<\/h3> \n <p style=\"font-weight: 400;\">Apr\u00e8s la Seconde Guerre mondiale, les femmes belges obtiennent enfin le droit de vote. Mais l\u2019\u00c9glise catholique reste omnipr\u00e9sente, au sommet de son influence sociale : aux femmes, on r\u00e9serve toujours les enfants, le mari et la maison. En 1945, le groupe de La Jeune Peinture Belge voit le jour, comptant parmi ses fondateurs Mig Quinet et Anne Bonnet. Trois ans plus tard, en 1948, l\u2019abstraction s\u2019impose avec force en Belgique port\u00e9e par Mig Quinet, Anne Bonnet, Francine Holley et Stella Van der Auwera. Durant les ann\u00e9es 1940, le surr\u00e9alisme accueille aussi des artistes belges comme Jane Graverol, Rachel Baes et Suzanne Van Damme. La peintre autrichienne H\u00e9l\u00e8ne Riedel, install\u00e9e \u00e0 Bruxelles, compose quant \u00e0 elle des paysages abstraits lumineux et devient une figure marquante de la sc\u00e8ne artistique.<\/p>\n<img src=\"https:\/\/www.christianestruyven.be\/wp-content\/uploads\/2025\/10\/13-1-249x305.jpg\" width=\"249\" height=\"305\" title=\"13\" alt=\"13\">\n<img src=\"https:\/\/www.christianestruyven.be\/wp-content\/uploads\/2025\/10\/14-1-249x306.jpg\" width=\"249\" height=\"306\" title=\"14\" alt=\"14\">\n<img src=\"https:\/\/www.christianestruyven.be\/wp-content\/uploads\/2025\/10\/15-1-249x305.jpg\" width=\"249\" height=\"305\" title=\"15\" alt=\"15\">\n<img src=\"https:\/\/www.christianestruyven.be\/wp-content\/uploads\/2025\/10\/16-1-373x442.jpg\" width=\"373\" height=\"442\" title=\"16\" alt=\"16\">\n<img src=\"https:\/\/www.christianestruyven.be\/wp-content\/uploads\/2025\/10\/17-1-373x443.jpg\" width=\"373\" height=\"443\" title=\"17\" alt=\"17\">\n<p style=\"text-align: center;\"><a href=\"\/fr\/contact\">Contactez-moi<\/a> pour plus d'informations.<\/p>","_links":{"self":[{"href":"https:\/\/www.christianestruyven.be\/fr\/wp-json\/wp\/v2\/pages\/4297","targetHints":{"allow":["GET"]}}],"collection":[{"href":"https:\/\/www.christianestruyven.be\/fr\/wp-json\/wp\/v2\/pages"}],"about":[{"href":"https:\/\/www.christianestruyven.be\/fr\/wp-json\/wp\/v2\/types\/page"}],"author":[{"embeddable":true,"href":"https:\/\/www.christianestruyven.be\/fr\/wp-json\/wp\/v2\/users\/5"}],"replies":[{"embeddable":true,"href":"https:\/\/www.christianestruyven.be\/fr\/wp-json\/wp\/v2\/comments?post=4297"}],"version-history":[{"count":16,"href":"https:\/\/www.christianestruyven.be\/fr\/wp-json\/wp\/v2\/pages\/4297\/revisions"}],"predecessor-version":[{"id":4327,"href":"https:\/\/www.christianestruyven.be\/fr\/wp-json\/wp\/v2\/pages\/4297\/revisions\/4327"}],"wp:attachment":[{"href":"https:\/\/www.christianestruyven.be\/fr\/wp-json\/wp\/v2\/media?parent=4297"}],"curies":[{"name":"wp","href":"https:\/\/api.w.org\/{rel}","templated":true}]}}