{"id":4282,"date":"2025-10-09T14:06:42","date_gmt":"2025-10-09T13:06:42","guid":{"rendered":"https:\/\/www.christianestruyven.be\/fr\/femmes-artistes-belges-1880-1920-copy\/"},"modified":"2025-10-09T14:16:17","modified_gmt":"2025-10-09T13:16:17","slug":"femmes-artistes-internationales-davant-garde-1900-1940-2-2","status":"publish","type":"page","link":"https:\/\/www.christianestruyven.be\/fr\/femmes-artistes-internationales-davant-garde-1900-1940-2-2\/","title":{"rendered":"FEMMES ARTISTES BELGES 1916 &#8211; 1945"},"content":{"rendered":"<\/p>\n<!--themify_builder_content-->\r\n<div id=\"themify_builder_content-4282\" data-postid=\"4282\" class=\"themify_builder_content themify_builder_content-4282 themify_builder tf_clear\">\r\n    \t\t\t<!-- module_row -->\r\n\t<div  data-lazy=\"1\" class=\"module_row themify_builder_row wc subrow-no-btm-mrg tb_9m7d001 tb_first tf_w tf_clearfix\">\r\n\t    \t\t\t<div class=\"row_inner col_align_top tb_col_count_2 tf_box tf_rel\">\r\n\t\t            <div  data-lazy=\"1\" class=\"module_column tb-column col3-1 tb_yt5j238 first\">\r\n                                                        <div class=\"tb-column-inner tf_box tf_w\">\r\n                        <!-- module image -->\r\n<div  class=\"module module-image tb_peht102   image-top tf_mw\" data-lazy=\"1\">\r\n        <div class=\"image-wrap tf_rel tf_mw\">\r\n\t\t    \t\r\n\t\t<\/div>\r\n\t<!-- \/image-wrap -->\r\n    \r\n    \t<\/div>\r\n<!-- \/module image --><!-- module text -->\r\n<div  class=\"module module-text tb_gscd601   \" data-lazy=\"1\">\r\n    <h3 class=\"module-title\">FEMMES ARTISTES BELGES 1916 - 1945<\/h3>    <div  class=\"tb_text_wrap\">\r\n    <p style=\"font-weight: 400;\">Apr\u00e8s la Premi\u00e8re Guerre mondiale, les femmes obtiennent le droit de vote dans de nombreux pays, mais ni en France ni en Belgique. \u00c0 Paris appara\u00eet pourtant une nouvelle figure f\u00e9minine : la gar\u00e7onne, ou <em>new woman<\/em>. Plusieurs jeunes artistes belges s\u2019y installent et s\u2019impr\u00e8gnent de l\u2019avant-garde. Marthe Donas, Marthe Guillain, Jane Carion et Akarova rapportent \u00e0 Bruxelles les courants du cubisme, du fauvisme et du constructivisme. Jenny Montigny devient une artiste cosmopolite \u00e0 Londres, o\u00f9 elle s\u00e9journe cinq ans pour fuir la guerre ; de retour \u00e0 Deurle, elle peint les portraits intemporels des enfants flamands de son village dans un style tr\u00e8s personnel. En 1932, la Russe Elisabeth Ivanovsky s\u2019\u00e9tablit \u00e0 Bruxelles pour \u00e9tudier \u00e0 La Cambre. Form\u00e9e au constructivisme, elle s\u2019oriente vers un nouvel art de l\u2019illustration. Suzanne Fabry, issue de l\u2019acad\u00e9mie de Bruxelles, peint des portraits dans un style Art d\u00e9co. \u00c0 Charleroi, Gilberte Dumont r\u00e9alise portraits et paysages dans un r\u00e9alisme magique. Quant \u00e0 Yvonne Serruys, originaire de Menin, elle poursuit \u00e0 Paris une carri\u00e8re reconnue de sculptrice.<\/p>    <\/div>\r\n<\/div>\r\n<!-- \/module text -->                    <\/div>\r\n                            <\/div>\r\n                        <div  data-lazy=\"1\" class=\"module_column tb-column col3-2 tb_jmb4822 last\">\r\n                                                        <div class=\"tb-column-inner tf_box tf_w\">\r\n                        \t<div  data-lazy=\"1\" class=\"module_subrow themify_builder_sub_row tb_91pq802 tf_w tf_clearfix\">\r\n\t    \t\t\t<div class=\"subrow_inner col_align_top gutter-none tb_col_count_3 tf_box tf_w\">\r\n\t\t            <div  data-lazy=\"1\" class=\"module_column sub_column col3-1 tb_r1t0210 first\">\r\n                                                        <div class=\"tb-column-inner tf_box tf_w\">\r\n                        <!-- module image -->\r\n<div  class=\"module module-image tb_z9n9921   image-top auto_fullwidth tf_mw\" data-lazy=\"1\">\r\n        <div class=\"image-wrap tf_rel tf_mw\">\r\n\t\t    <img loading=\"lazy\" decoding=\"async\" src=\"https:\/\/www.christianestruyven.be\/wp-content\/uploads\/2025\/10\/7-249x305.jpg\" width=\"249\" height=\"305\" class=\"wp-post-image wp-image-4284\" title=\"7\" alt=\"7\">\t\r\n\t\t<\/div>\r\n\t<!-- \/image-wrap -->\r\n    \r\n    \t<\/div>\r\n<!-- \/module image -->                    <\/div>\r\n                            <\/div>\r\n                        <div  data-lazy=\"1\" class=\"module_column sub_column col3-1 tb_crma102\">\r\n                                                        <div class=\"tb-column-inner tf_box tf_w\">\r\n                        <!-- module image -->\r\n<div  class=\"module module-image tb_axbn386   image-top tf_mw\" data-lazy=\"1\">\r\n        <div class=\"image-wrap tf_rel tf_mw\">\r\n\t\t    <img loading=\"lazy\" decoding=\"async\" width=\"440\" height=\"540\" src=\"https:\/\/www.christianestruyven.be\/wp-content\/uploads\/2025\/10\/8.jpg\" class=\"wp-post-image wp-image-4285\" title=\"8\" alt=\"8\" srcset=\"https:\/\/www.christianestruyven.be\/wp-content\/uploads\/2025\/10\/8.jpg 440w, https:\/\/www.christianestruyven.be\/wp-content\/uploads\/2025\/10\/8-244x300.jpg 244w\" sizes=\"auto, (max-width: 440px) 100vw, 440px\" \/>\t\r\n\t\t<\/div>\r\n\t<!-- \/image-wrap -->\r\n    \r\n    \t<\/div>\r\n<!-- \/module image -->                    <\/div>\r\n                            <\/div>\r\n                        <div  data-lazy=\"1\" class=\"module_column sub_column col3-1 tb_74mn102 last\">\r\n                                                        <div class=\"tb-column-inner tf_box tf_w\">\r\n                        <!-- module image -->\r\n<div  class=\"module module-image tb_nw9m544   image-top auto_fullwidth tf_mw\" data-lazy=\"1\">\r\n        <div class=\"image-wrap tf_rel tf_mw\">\r\n\t\t    <img loading=\"lazy\" decoding=\"async\" src=\"https:\/\/www.christianestruyven.be\/wp-content\/uploads\/2025\/10\/9-249x305.jpg\" width=\"249\" height=\"305\" class=\"wp-post-image wp-image-4286\" title=\"9\" alt=\"9\">\t\r\n\t\t<\/div>\r\n\t<!-- \/image-wrap -->\r\n    \r\n    \t<\/div>\r\n<!-- \/module image -->                    <\/div>\r\n                            <\/div>\r\n            \t    <\/div>\r\n\t<\/div><!-- \/themify_builder_sub_row -->\r\n\t\t<div  data-lazy=\"1\" class=\"module_subrow themify_builder_sub_row tb_h6m6111 tf_w tf_clearfix\">\r\n\t    \t\t\t<div class=\"subrow_inner col_align_top gutter-none tb_col_count_3 tf_box tf_w\">\r\n\t\t            <div  data-lazy=\"1\" class=\"module_column sub_column col3-1 tb_17mz088 first\">\r\n                                                        <div class=\"tb-column-inner tf_box tf_w\">\r\n                        <!-- module image -->\r\n<div  class=\"module module-image tb_rk5s913   image-top auto_fullwidth tf_mw\" data-lazy=\"1\">\r\n        <div class=\"image-wrap tf_rel tf_mw\">\r\n\t\t    <img loading=\"lazy\" decoding=\"async\" src=\"https:\/\/www.christianestruyven.be\/wp-content\/uploads\/2025\/10\/10-249x368.jpg\" width=\"249\" height=\"368\" class=\"wp-post-image wp-image-4287\" title=\"10\" alt=\"10\">\t\r\n\t\t<\/div>\r\n\t<!-- \/image-wrap -->\r\n    \r\n    \t<\/div>\r\n<!-- \/module image -->                    <\/div>\r\n                            <\/div>\r\n                        <div  data-lazy=\"1\" class=\"module_column sub_column col3-1 tb_93ia300\">\r\n                                                        <div class=\"tb-column-inner tf_box tf_w\">\r\n                        <!-- module image -->\r\n<div  class=\"module module-image tb_aq5n77   image-top auto_fullwidth tf_mw\" data-lazy=\"1\">\r\n        <div class=\"image-wrap tf_rel tf_mw\">\r\n\t\t    <img loading=\"lazy\" decoding=\"async\" width=\"208\" height=\"308\" src=\"https:\/\/www.christianestruyven.be\/wp-content\/uploads\/2025\/10\/11.jpg\" class=\"wp-post-image wp-image-4288\" title=\"11\" alt=\"11\" srcset=\"https:\/\/www.christianestruyven.be\/wp-content\/uploads\/2025\/10\/11.jpg 208w, https:\/\/www.christianestruyven.be\/wp-content\/uploads\/2025\/10\/11-203x300.jpg 203w\" sizes=\"auto, (max-width: 208px) 100vw, 208px\" \/>\t\r\n\t\t<\/div>\r\n\t<!-- \/image-wrap -->\r\n    \r\n    \t<\/div>\r\n<!-- \/module image -->                    <\/div>\r\n                            <\/div>\r\n                        <div  data-lazy=\"1\" class=\"module_column sub_column col3-1 tb_cqm1002 last\">\r\n                                                        <div class=\"tb-column-inner tf_box tf_w\">\r\n                        <!-- module image -->\r\n<div  class=\"module module-image tb_npai578   image-top auto_fullwidth tf_mw\" data-lazy=\"1\">\r\n        <div class=\"image-wrap tf_rel tf_mw\">\r\n\t\t    <img loading=\"lazy\" decoding=\"async\" src=\"https:\/\/www.christianestruyven.be\/wp-content\/uploads\/2025\/10\/12-249x369.jpg\" width=\"249\" height=\"369\" class=\"wp-post-image wp-image-4290\" title=\"12\" alt=\"12\">\t\r\n\t\t<\/div>\r\n\t<!-- \/image-wrap -->\r\n    \r\n    \t<\/div>\r\n<!-- \/module image -->                    <\/div>\r\n                            <\/div>\r\n            \t    <\/div>\r\n\t<\/div><!-- \/themify_builder_sub_row -->\r\n\t<!-- module text -->\r\n<div  class=\"module module-text tb_c5cu410   \" data-lazy=\"1\">\r\n        <div  class=\"tb_text_wrap\">\r\n    <p style=\"text-align: center;\"><a href=\"\/fr\/contact\">Contactez-moi<\/a> pour plus d&#8217;informations.<\/p>    <\/div>\r\n<\/div>\r\n<!-- \/module text -->                    <\/div>\r\n                            <\/div>\r\n            \t    <\/div>\r\n\t    <!-- \/row_inner -->\r\n\t<\/div>\r\n\t<!-- \/module_row -->\r\n\t<\/div>\r\n<!--\/themify_builder_content-->","protected":false},"excerpt":{"rendered":"","protected":false},"author":5,"featured_media":0,"parent":0,"menu_order":0,"comment_status":"open","ping_status":"closed","template":"page.php","meta":{"footnotes":""},"class_list":["post-4282","page","type-page","status-publish","hentry"],"builder_content":"\n<h3>FEMMES ARTISTES BELGES 1916 - 1945<\/h3> \n <p style=\"font-weight: 400;\">Apr\u00e8s la Premi\u00e8re Guerre mondiale, les femmes obtiennent le droit de vote dans de nombreux pays, mais ni en France ni en Belgique. \u00c0 Paris appara\u00eet pourtant une nouvelle figure f\u00e9minine : la gar\u00e7onne, ou <em>new woman<\/em>. Plusieurs jeunes artistes belges s\u2019y installent et s\u2019impr\u00e8gnent de l\u2019avant-garde. Marthe Donas, Marthe Guillain, Jane Carion et Akarova rapportent \u00e0 Bruxelles les courants du cubisme, du fauvisme et du constructivisme. Jenny Montigny devient une artiste cosmopolite \u00e0 Londres, o\u00f9 elle s\u00e9journe cinq ans pour fuir la guerre ; de retour \u00e0 Deurle, elle peint les portraits intemporels des enfants flamands de son village dans un style tr\u00e8s personnel. En 1932, la Russe Elisabeth Ivanovsky s\u2019\u00e9tablit \u00e0 Bruxelles pour \u00e9tudier \u00e0 La Cambre. Form\u00e9e au constructivisme, elle s\u2019oriente vers un nouvel art de l\u2019illustration. Suzanne Fabry, issue de l\u2019acad\u00e9mie de Bruxelles, peint des portraits dans un style Art d\u00e9co. \u00c0 Charleroi, Gilberte Dumont r\u00e9alise portraits et paysages dans un r\u00e9alisme magique. Quant \u00e0 Yvonne Serruys, originaire de Menin, elle poursuit \u00e0 Paris une carri\u00e8re reconnue de sculptrice.<\/p>\n<img src=\"https:\/\/www.christianestruyven.be\/wp-content\/uploads\/2025\/10\/7-249x305.jpg\" width=\"249\" height=\"305\" title=\"7\" alt=\"7\">\n<img src=\"https:\/\/www.christianestruyven.be\/wp-content\/uploads\/2025\/10\/8.jpg\" title=\"8\" alt=\"8\" srcset=\"https:\/\/www.christianestruyven.be\/wp-content\/uploads\/2025\/10\/8.jpg 440w, https:\/\/www.christianestruyven.be\/wp-content\/uploads\/2025\/10\/8-244x300.jpg 244w\" sizes=\"(max-width: 440px) 100vw, 440px\" \/>\n<img src=\"https:\/\/www.christianestruyven.be\/wp-content\/uploads\/2025\/10\/9-249x305.jpg\" width=\"249\" height=\"305\" title=\"9\" alt=\"9\">\n<img src=\"https:\/\/www.christianestruyven.be\/wp-content\/uploads\/2025\/10\/10-249x368.jpg\" width=\"249\" height=\"368\" title=\"10\" alt=\"10\">\n<img src=\"https:\/\/www.christianestruyven.be\/wp-content\/uploads\/2025\/10\/11.jpg\" title=\"11\" alt=\"11\" srcset=\"https:\/\/www.christianestruyven.be\/wp-content\/uploads\/2025\/10\/11.jpg 208w, https:\/\/www.christianestruyven.be\/wp-content\/uploads\/2025\/10\/11-203x300.jpg 203w\" sizes=\"(max-width: 208px) 100vw, 208px\" \/>\n<img src=\"https:\/\/www.christianestruyven.be\/wp-content\/uploads\/2025\/10\/12-249x369.jpg\" width=\"249\" height=\"369\" title=\"12\" alt=\"12\">\n<p style=\"text-align: center;\"><a href=\"\/fr\/contact\">Contactez-moi<\/a> pour plus d'informations.<\/p>","_links":{"self":[{"href":"https:\/\/www.christianestruyven.be\/fr\/wp-json\/wp\/v2\/pages\/4282","targetHints":{"allow":["GET"]}}],"collection":[{"href":"https:\/\/www.christianestruyven.be\/fr\/wp-json\/wp\/v2\/pages"}],"about":[{"href":"https:\/\/www.christianestruyven.be\/fr\/wp-json\/wp\/v2\/types\/page"}],"author":[{"embeddable":true,"href":"https:\/\/www.christianestruyven.be\/fr\/wp-json\/wp\/v2\/users\/5"}],"replies":[{"embeddable":true,"href":"https:\/\/www.christianestruyven.be\/fr\/wp-json\/wp\/v2\/comments?post=4282"}],"version-history":[{"count":10,"href":"https:\/\/www.christianestruyven.be\/fr\/wp-json\/wp\/v2\/pages\/4282\/revisions"}],"predecessor-version":[{"id":4323,"href":"https:\/\/www.christianestruyven.be\/fr\/wp-json\/wp\/v2\/pages\/4282\/revisions\/4323"}],"wp:attachment":[{"href":"https:\/\/www.christianestruyven.be\/fr\/wp-json\/wp\/v2\/media?parent=4282"}],"curies":[{"name":"wp","href":"https:\/\/api.w.org\/{rel}","templated":true}]}}