{"id":4243,"date":"2025-10-09T13:36:01","date_gmt":"2025-10-09T12:36:01","guid":{"rendered":"https:\/\/www.christianestruyven.be\/fr\/femmes-artistes-internationales-davant-garde-1900-1940-copy\/"},"modified":"2025-10-09T14:06:41","modified_gmt":"2025-10-09T13:06:41","slug":"femmes-artistes-internationales-davant-garde-1900-1940-2","status":"publish","type":"page","link":"https:\/\/www.christianestruyven.be\/fr\/femmes-artistes-internationales-davant-garde-1900-1940-2\/","title":{"rendered":"FEMMES ARTISTES BELGES 1880 -1920"},"content":{"rendered":"<p><\/p>\n<!--themify_builder_content-->\r\n<div id=\"themify_builder_content-4243\" data-postid=\"4243\" class=\"themify_builder_content themify_builder_content-4243 themify_builder tf_clear\">\r\n    \t\t\t<!-- module_row -->\r\n\t<div  data-lazy=\"1\" class=\"module_row themify_builder_row wc subrow-no-btm-mrg tb_dy3m407 tb_first tf_w tf_clearfix\">\r\n\t    \t\t\t<div class=\"row_inner col_align_top tb_col_count_2 tf_box tf_rel\">\r\n\t\t            <div  data-lazy=\"1\" class=\"module_column tb-column col3-1 tb_28fv064 first\">\r\n                                                        <div class=\"tb-column-inner tf_box tf_w\">\r\n                        <!-- module image -->\r\n<div  class=\"module module-image tb_nvve046   image-top tf_mw\" data-lazy=\"1\">\r\n        <div class=\"image-wrap tf_rel tf_mw\">\r\n\t\t    \t\r\n\t\t<\/div>\r\n\t<!-- \/image-wrap -->\r\n    \r\n    \t<\/div>\r\n<!-- \/module image --><!-- module text -->\r\n<div  class=\"module module-text tb_pgpu700   \" data-lazy=\"1\">\r\n    <h3 class=\"module-title\">FEMMES ARTISTES BELGES 1880 -1920<\/h3>    <div  class=\"tb_text_wrap\">\r\n    <p style=\"font-weight: 400;\">\u00c0 la fin du XIX\u1d49 si\u00e8cle, Bruxelles devient une m\u00e9tropole moderne gr\u00e2ce \u00e0 l\u2019industrialisation de la Belgique et aux projets urbanistiques de L\u00e9opold II. Une nouvelle \u00e9lite, riche, progressiste et cosmopolite, y \u00e9merge et adh\u00e8re \u00e0 l\u2019avant-garde artistique. De nouveaux courants s\u2019y d\u00e9veloppent et Bruxelles s\u2019affirme comme la capitale de l\u2019Art nouveau. Bien qu\u2019il soit difficile pour les femmes de poursuivre une carri\u00e8re professionnelle de peintre, certaines parviennent n\u00e9anmoins \u00e0 s\u2019imposer. La plupart demeurent cependant peu connues aujourd\u2019hui. Dix artistes sont ici mentionn\u00e9es : Berthe Art, Henriette Ronner-Knip, Louise De Hem, C\u00e9cile Douard, Alix d\u2019An\u00e9than, Virginie Demont-Breton, Juliette Wytsman, Anna Boch, Marguerite Verboeckhoven et Anna De Weert. Leurs styles vari\u00e9s refl\u00e8tent le monde tel qu\u2019il \u00e9tait v\u00e9cu par des femmes \u00e0 cette \u00e9poque.<\/p>    <\/div>\r\n<\/div>\r\n<!-- \/module text -->                    <\/div>\r\n                            <\/div>\r\n                        <div  data-lazy=\"1\" class=\"module_column tb-column col3-2 tb_tlom670 last\">\r\n                                                        <div class=\"tb-column-inner tf_box tf_w\">\r\n                        \t<div  data-lazy=\"1\" class=\"module_subrow themify_builder_sub_row tb_tj5d084 tf_w tf_clearfix\">\r\n\t    \t\t\t<div class=\"subrow_inner col_align_top gutter-none tb_col_count_3 tf_box tf_w\">\r\n\t\t            <div  data-lazy=\"1\" class=\"module_column sub_column col3-1 tb_d5jf860 first\">\r\n                                                        <div class=\"tb-column-inner tf_box tf_w\">\r\n                        <!-- module image -->\r\n<div  class=\"module module-image tb_1cyv520   image-top tf_mw\" data-lazy=\"1\">\r\n        <div class=\"image-wrap tf_rel tf_mw\">\r\n\t\t    <img loading=\"lazy\" decoding=\"async\" src=\"https:\/\/www.christianestruyven.be\/wp-content\/uploads\/2025\/10\/1-1-178x288.jpg\" width=\"178\" height=\"288\" class=\"wp-post-image wp-image-4252\" title=\"1\" alt=\"1\">\t\r\n\t\t<\/div>\r\n\t<!-- \/image-wrap -->\r\n    \r\n    \t<\/div>\r\n<!-- \/module image -->                    <\/div>\r\n                            <\/div>\r\n                        <div  data-lazy=\"1\" class=\"module_column sub_column col3-1 tb_y3dw663\">\r\n                                                        <div class=\"tb-column-inner tf_box tf_w\">\r\n                        <!-- module image -->\r\n<div  class=\"module module-image tb_2ovu726   image-top auto_fullwidth tf_mw\" data-lazy=\"1\">\r\n        <div class=\"image-wrap tf_rel tf_mw\">\r\n\t\t    <img loading=\"lazy\" decoding=\"async\" src=\"https:\/\/www.christianestruyven.be\/wp-content\/uploads\/2025\/10\/2-190x288.jpg\" width=\"190\" height=\"288\" class=\"wp-post-image wp-image-4253\" title=\"2\" alt=\"2\">\t\r\n\t\t<\/div>\r\n\t<!-- \/image-wrap -->\r\n    \r\n    \t<\/div>\r\n<!-- \/module image -->                    <\/div>\r\n                            <\/div>\r\n                        <div  data-lazy=\"1\" class=\"module_column sub_column col3-1 tb_33u2114 last\">\r\n                                                        <div class=\"tb-column-inner tf_box tf_w\">\r\n                        <!-- module image -->\r\n<div  class=\"module module-image tb_kgvb341   image-top tf_mw\" data-lazy=\"1\">\r\n        <div class=\"image-wrap tf_rel tf_mw\">\r\n\t\t    <img loading=\"lazy\" decoding=\"async\" src=\"https:\/\/www.christianestruyven.be\/wp-content\/uploads\/2025\/10\/3-379x287.jpg\" width=\"379\" height=\"287\" class=\"wp-post-image wp-image-4254\" title=\"3\" alt=\"3\" srcset=\"https:\/\/www.christianestruyven.be\/wp-content\/uploads\/2025\/10\/3-379x287.jpg 379w, https:\/\/www.christianestruyven.be\/wp-content\/uploads\/2025\/10\/3-300x227.jpg 300w, https:\/\/www.christianestruyven.be\/wp-content\/uploads\/2025\/10\/3.jpg 430w\" sizes=\"auto, (max-width: 379px) 100vw, 379px\" \/>\t\r\n\t\t<\/div>\r\n\t<!-- \/image-wrap -->\r\n    \r\n    \t<\/div>\r\n<!-- \/module image -->                    <\/div>\r\n                            <\/div>\r\n            \t    <\/div>\r\n\t<\/div><!-- \/themify_builder_sub_row -->\r\n\t\t<div  data-lazy=\"1\" class=\"module_subrow themify_builder_sub_row tb_biyv156 tf_w tf_clearfix\">\r\n\t    \t\t\t<div class=\"subrow_inner col_align_top gutter-none tb_col_count_3 tf_box tf_w\">\r\n\t\t            <div  data-lazy=\"1\" class=\"module_column sub_column col3-1 tb_97xm148 first\">\r\n                                                        <div class=\"tb-column-inner tf_box tf_w\">\r\n                        <!-- module image -->\r\n<div  class=\"module module-image tb_rce3393   image-top tf_mw\" data-lazy=\"1\">\r\n        <div class=\"image-wrap tf_rel tf_mw\">\r\n\t\t    <img loading=\"lazy\" decoding=\"async\" src=\"https:\/\/www.christianestruyven.be\/wp-content\/uploads\/2025\/10\/4-313x334.jpg\" width=\"313\" height=\"334\" class=\"wp-post-image wp-image-4255\" title=\"4\" alt=\"4\">\t\r\n\t\t<\/div>\r\n\t<!-- \/image-wrap -->\r\n    \r\n    \t<\/div>\r\n<!-- \/module image -->                    <\/div>\r\n                            <\/div>\r\n                        <div  data-lazy=\"1\" class=\"module_column sub_column col3-1 tb_srmj070\">\r\n                                                        <div class=\"tb-column-inner tf_box tf_w\">\r\n                        <!-- module image -->\r\n<div  class=\"module module-image tb_9v23961   image-top tf_mw\" data-lazy=\"1\">\r\n        <div class=\"image-wrap tf_rel tf_mw\">\r\n\t\t    <img loading=\"lazy\" decoding=\"async\" src=\"https:\/\/www.christianestruyven.be\/wp-content\/uploads\/2025\/10\/5-185x336.jpg\" width=\"185\" height=\"336\" class=\"wp-post-image wp-image-4256\" title=\"5\" alt=\"5\">\t\r\n\t\t<\/div>\r\n\t<!-- \/image-wrap -->\r\n    \r\n    \t<\/div>\r\n<!-- \/module image -->                    <\/div>\r\n                            <\/div>\r\n                        <div  data-lazy=\"1\" class=\"module_column sub_column col3-1 tb_30fg664 last\">\r\n                                                        <div class=\"tb-column-inner tf_box tf_w\">\r\n                        <!-- module image -->\r\n<div  class=\"module module-image tb_801k685   image-top tf_mw\" data-lazy=\"1\">\r\n        <div class=\"image-wrap tf_rel tf_mw\">\r\n\t\t    <img loading=\"lazy\" decoding=\"async\" src=\"https:\/\/www.christianestruyven.be\/wp-content\/uploads\/2025\/10\/6-249x336.jpg\" width=\"249\" height=\"336\" class=\"wp-post-image wp-image-4257\" title=\"6\" alt=\"6\">\t\r\n\t\t<\/div>\r\n\t<!-- \/image-wrap -->\r\n    \r\n    \t<\/div>\r\n<!-- \/module image -->                    <\/div>\r\n                            <\/div>\r\n            \t    <\/div>\r\n\t<\/div><!-- \/themify_builder_sub_row -->\r\n\t<!-- module text -->\r\n<div  class=\"module module-text tb_l1ab004   \" data-lazy=\"1\">\r\n        <div  class=\"tb_text_wrap\">\r\n    <p style=\"text-align: center;\"><a href=\"\/fr\/contact\">Contactez-moi<\/a> pour plus d&#8217;informations.<\/p>    <\/div>\r\n<\/div>\r\n<!-- \/module text -->                    <\/div>\r\n                            <\/div>\r\n            \t    <\/div>\r\n\t    <!-- \/row_inner -->\r\n\t<\/div>\r\n\t<!-- \/module_row -->\r\n\t<\/div>\r\n<!--\/themify_builder_content-->","protected":false},"excerpt":{"rendered":"<p>FEMMES ARTISTES BELGES 1880 -1920 \u00c0 la fin du XIX\u1d49 si\u00e8cle, Bruxelles devient une m\u00e9tropole moderne gr\u00e2ce \u00e0 l\u2019industrialisation de la Belgique et aux projets urbanistiques de L\u00e9opold II. Une nouvelle \u00e9lite, riche, progressiste et cosmopolite, y \u00e9merge et adh\u00e8re \u00e0 l\u2019avant-garde artistique. De nouveaux courants s\u2019y d\u00e9veloppent et Bruxelles s\u2019affirme comme la capitale de [&hellip;]<\/p>\n","protected":false},"author":5,"featured_media":0,"parent":0,"menu_order":0,"comment_status":"open","ping_status":"closed","template":"page.php","meta":{"footnotes":""},"class_list":["post-4243","page","type-page","status-publish","hentry"],"builder_content":"\n<h3>FEMMES ARTISTES BELGES 1880 -1920<\/h3> \n <p style=\"font-weight: 400;\">\u00c0 la fin du XIX\u1d49 si\u00e8cle, Bruxelles devient une m\u00e9tropole moderne gr\u00e2ce \u00e0 l\u2019industrialisation de la Belgique et aux projets urbanistiques de L\u00e9opold II. Une nouvelle \u00e9lite, riche, progressiste et cosmopolite, y \u00e9merge et adh\u00e8re \u00e0 l\u2019avant-garde artistique. De nouveaux courants s\u2019y d\u00e9veloppent et Bruxelles s\u2019affirme comme la capitale de l\u2019Art nouveau. Bien qu\u2019il soit difficile pour les femmes de poursuivre une carri\u00e8re professionnelle de peintre, certaines parviennent n\u00e9anmoins \u00e0 s\u2019imposer. La plupart demeurent cependant peu connues aujourd\u2019hui. Dix artistes sont ici mentionn\u00e9es : Berthe Art, Henriette Ronner-Knip, Louise De Hem, C\u00e9cile Douard, Alix d\u2019An\u00e9than, Virginie Demont-Breton, Juliette Wytsman, Anna Boch, Marguerite Verboeckhoven et Anna De Weert. Leurs styles vari\u00e9s refl\u00e8tent le monde tel qu\u2019il \u00e9tait v\u00e9cu par des femmes \u00e0 cette \u00e9poque.<\/p>\n<img src=\"https:\/\/www.christianestruyven.be\/wp-content\/uploads\/2025\/10\/1-1-178x288.jpg\" width=\"178\" height=\"288\" title=\"1\" alt=\"1\">\n<img src=\"https:\/\/www.christianestruyven.be\/wp-content\/uploads\/2025\/10\/2-190x288.jpg\" width=\"190\" height=\"288\" title=\"2\" alt=\"2\">\n<img src=\"https:\/\/www.christianestruyven.be\/wp-content\/uploads\/2025\/10\/3-379x287.jpg\" width=\"379\" height=\"287\" title=\"3\" alt=\"3\" srcset=\"https:\/\/www.christianestruyven.be\/wp-content\/uploads\/2025\/10\/3-379x287.jpg 379w, https:\/\/www.christianestruyven.be\/wp-content\/uploads\/2025\/10\/3-300x227.jpg 300w, https:\/\/www.christianestruyven.be\/wp-content\/uploads\/2025\/10\/3.jpg 430w\" sizes=\"(max-width: 379px) 100vw, 379px\" \/>\n<img src=\"https:\/\/www.christianestruyven.be\/wp-content\/uploads\/2025\/10\/4-313x334.jpg\" width=\"313\" height=\"334\" title=\"4\" alt=\"4\">\n<img src=\"https:\/\/www.christianestruyven.be\/wp-content\/uploads\/2025\/10\/5-185x336.jpg\" width=\"185\" height=\"336\" title=\"5\" alt=\"5\">\n<img src=\"https:\/\/www.christianestruyven.be\/wp-content\/uploads\/2025\/10\/6-249x336.jpg\" width=\"249\" height=\"336\" title=\"6\" alt=\"6\">\n<p style=\"text-align: center;\"><a href=\"\/fr\/contact\">Contactez-moi<\/a> pour plus d'informations.<\/p>","_links":{"self":[{"href":"https:\/\/www.christianestruyven.be\/fr\/wp-json\/wp\/v2\/pages\/4243","targetHints":{"allow":["GET"]}}],"collection":[{"href":"https:\/\/www.christianestruyven.be\/fr\/wp-json\/wp\/v2\/pages"}],"about":[{"href":"https:\/\/www.christianestruyven.be\/fr\/wp-json\/wp\/v2\/types\/page"}],"author":[{"embeddable":true,"href":"https:\/\/www.christianestruyven.be\/fr\/wp-json\/wp\/v2\/users\/5"}],"replies":[{"embeddable":true,"href":"https:\/\/www.christianestruyven.be\/fr\/wp-json\/wp\/v2\/comments?post=4243"}],"version-history":[{"count":28,"href":"https:\/\/www.christianestruyven.be\/fr\/wp-json\/wp\/v2\/pages\/4243\/revisions"}],"predecessor-version":[{"id":4281,"href":"https:\/\/www.christianestruyven.be\/fr\/wp-json\/wp\/v2\/pages\/4243\/revisions\/4281"}],"wp:attachment":[{"href":"https:\/\/www.christianestruyven.be\/fr\/wp-json\/wp\/v2\/media?parent=4243"}],"curies":[{"name":"wp","href":"https:\/\/api.w.org\/{rel}","templated":true}]}}