{"id":3034,"date":"2019-08-13T18:52:21","date_gmt":"2019-08-13T17:52:21","guid":{"rendered":"http:\/\/christianestruyven.be\/en\/?page_id=3034"},"modified":"2022-01-31T10:39:34","modified_gmt":"2022-01-31T09:39:34","slug":"femmes-artistes-internationales-au-sommet-de-lart-contemporain-1990-2020","status":"publish","type":"page","link":"https:\/\/www.christianestruyven.be\/fr\/femmes-artistes-internationales-au-sommet-de-lart-contemporain-1990-2020\/","title":{"rendered":"Femmes artistes internationales au sommet de l&#8217;art contemporain 1990-2020"},"content":{"rendered":"<!--themify_builder_content-->\r\n<div id=\"themify_builder_content-3034\" data-postid=\"3034\" class=\"themify_builder_content themify_builder_content-3034 themify_builder tf_clear\">\r\n    \t\t\t<!-- module_row -->\r\n\t<div  data-lazy=\"1\" class=\"module_row themify_builder_row wc subrow-no-btm-mrg tb_2f7b880 tb_first tf_w tf_clearfix\">\r\n\t    \t\t\t<div class=\"row_inner col_align_top tb_col_count_2 tf_box tf_rel\">\r\n\t\t            <div  data-lazy=\"1\" class=\"module_column tb-column col3-1 tb_e32b881 first\">\r\n                                                        <div class=\"tb-column-inner tf_box tf_w\">\r\n                        <!-- module image -->\r\n<div  class=\"module module-image tb_jhvx882   image-top tf_mw\" data-lazy=\"1\">\r\n        <div class=\"image-wrap tf_rel tf_mw\">\r\n\t\t    \t\r\n\t\t<\/div>\r\n\t<!-- \/image-wrap -->\r\n    \r\n    \t<\/div>\r\n<!-- \/module image --><!-- module text -->\r\n<div  class=\"module module-text tb_ur54882   \" data-lazy=\"1\">\r\n    <h3 class=\"module-title\">Femmes artistes au sommet de l'art contemporain 1990-2020<\/h3>    <div  class=\"tb_text_wrap\">\r\n    <p>Dans les ann\u00e9es 1990, de nombreuses jeunes femmes artistes de diff\u00e9rents pays et continents rejoignent les rangs. Elles percent dans les nombreuses nouvelles manifestations d&#8217;art dans le monde entier. C&#8217;est surtout la Biennale de Venise, avec sa longue dur\u00e9e, son grand public, ses nombreux journalistes et sa douzaine de prix, qui commence \u00e0 montrer des \u0153uvres d&#8217;artistes f\u00e9minines et les fait progresser. Nous citons la Sud-Africaine Marlene Dumas, la Libanaise Mona Hatoum, la Colombienne Doris Salcedo et la Sud-Cor\u00e9enne Kimsooja. Elles travaillent sur des th\u00e8mes tels que la mondialisation, l&#8217;identit\u00e9, le post-colonialisme, l&#8217;urbanisation croissante, la violence politique et l\u2019ali\u00e9nation. La Britannique Tracey Emin et la Suissesse Pipilloti Rist se font aussi conna\u00eetre. Ainsi que deux artistes belges: Berlinde De Bruyckere et Ann Veronica Janssens. Au milieu des ann\u00e9es 2000, le march\u00e9 de l&#8217;art accueille de jeunes femmes artistes talentueuses d&#8217;origine africaine : l&#8217;Ethiopienne-Am\u00e9ricaine Julie Mehretu, l&#8217;Afro-Am\u00e9ricaine Kara Walker et r\u00e9cemment la Nig\u00e9riane-Am\u00e9ricaine Njideka Akunyili Crosby, qui sont devenues de v\u00e9ritables stars. En 2019-2022, il y aura des centaines d&#8217;expositions sur les femmes artistes dans l&#8217;art contemporain dans le monde entier. Est-ce une perc\u00e9e ?\u00a0\u00a0\u00a0<\/p>    <\/div>\r\n<\/div>\r\n<!-- \/module text -->                    <\/div>\r\n                            <\/div>\r\n                        <div  data-lazy=\"1\" class=\"module_column tb-column col3-2 tb_aafl883 last\">\r\n                                                        <div class=\"tb-column-inner tf_box tf_w\">\r\n                        \t<div  data-lazy=\"1\" class=\"module_subrow themify_builder_sub_row tb_jahp883 tf_w tf_clearfix\">\r\n\t    \t\t\t<div class=\"subrow_inner gutter-none col_align_top tb_col_count_2 tf_box tf_w\">\r\n\t\t            <div  data-lazy=\"1\" class=\"module_column sub_column col4-2 tb_9f81883 first\">\r\n                                                        <div class=\"tb-column-inner tf_box tf_w\">\r\n                        <!-- module image -->\r\n<div  class=\"module module-image tb_3c0i883   image-top tf_mw\" data-lazy=\"1\">\r\n        <div class=\"image-wrap tf_rel tf_mw\">\r\n\t\t    <img loading=\"lazy\" decoding=\"async\" src=\"http:\/\/christianestruyven.be\/wp-content\/uploads\/2019\/08\/Picture-14.jpg\" width=\"600\" height=\"337\" title=\"Femmes artistes internationales au sommet de l&#8217;art contemporain 1990-2020\" alt=\"Femmes artistes internationales au sommet de l&#8217;art contemporain 1990-2020\">\t\r\n\t\t<\/div>\r\n\t<!-- \/image-wrap -->\r\n    \r\n    \t<\/div>\r\n<!-- \/module image -->                    <\/div>\r\n                            <\/div>\r\n                        <div  data-lazy=\"1\" class=\"module_column sub_column col4-2 tb_4uwx883 last\">\r\n                                                        <div class=\"tb-column-inner tf_box tf_w\">\r\n                        <!-- module image -->\r\n<div  class=\"module module-image tb_chzp884   image-top tf_mw\" data-lazy=\"1\">\r\n        <div class=\"image-wrap tf_rel tf_mw\">\r\n\t\t    <img loading=\"lazy\" decoding=\"async\" src=\"http:\/\/christianestruyven.be\/wp-content\/uploads\/2019\/08\/Picture-24.jpg\" width=\"600\" height=\"337\" title=\"Femmes artistes internationales au sommet de l&#8217;art contemporain 1990-2020\" alt=\"Femmes artistes internationales au sommet de l&#8217;art contemporain 1990-2020\">\t\r\n\t\t<\/div>\r\n\t<!-- \/image-wrap -->\r\n    \r\n    \t<\/div>\r\n<!-- \/module image -->                    <\/div>\r\n                            <\/div>\r\n            \t    <\/div>\r\n\t<\/div><!-- \/themify_builder_sub_row -->\r\n\t\t<div  data-lazy=\"1\" class=\"module_subrow themify_builder_sub_row tb_j7f5884 tf_w tf_clearfix\">\r\n\t    \t\t\t<div class=\"subrow_inner gutter-none col_align_top tb_col_count_2 tf_box tf_w\">\r\n\t\t            <div  data-lazy=\"1\" class=\"module_column sub_column col4-2 tb_sj5u884 first\">\r\n                                                        <div class=\"tb-column-inner tf_box tf_w\">\r\n                        <!-- module image -->\r\n<div  class=\"module module-image tb_zscj884   image-top tf_mw\" data-lazy=\"1\">\r\n        <div class=\"image-wrap tf_rel tf_mw\">\r\n\t\t    <a href=\"http:\/\/christianestruyven.be\/wp-content\/uploads\/2018\/09\/12-iconen-7-large.jpg\"\r\n\t        class=\"lightbox-builder themify_lightbox\"\t       >\r\n\t\t   \t\t<img loading=\"lazy\" decoding=\"async\" src=\"http:\/\/christianestruyven.be\/wp-content\/uploads\/2019\/08\/Picture-34.jpg\" width=\"600\" height=\"337\" title=\"Femmes artistes internationales au sommet de l&#8217;art contemporain 1990-2020\" alt=\"Femmes artistes internationales au sommet de l&#8217;art contemporain 1990-2020\">\t    <\/a>\r\n\t\r\n\t\t<\/div>\r\n\t<!-- \/image-wrap -->\r\n    \r\n    \t<\/div>\r\n<!-- \/module image -->                    <\/div>\r\n                            <\/div>\r\n                        <div  data-lazy=\"1\" class=\"module_column sub_column col4-2 tb_7t6n884 last\">\r\n                                                        <div class=\"tb-column-inner tf_box tf_w\">\r\n                        <!-- module image -->\r\n<div  class=\"module module-image tb_iedn884   image-top tf_mw\" data-lazy=\"1\">\r\n        <div class=\"image-wrap tf_rel tf_mw\">\r\n\t\t    <img loading=\"lazy\" decoding=\"async\" src=\"http:\/\/christianestruyven.be\/wp-content\/uploads\/2019\/08\/Picture-45.jpg\" width=\"600\" height=\"337\" title=\"Femmes artistes internationales au sommet de l&#8217;art contemporain 1990-2020\" alt=\"Femmes artistes internationales au sommet de l&#8217;art contemporain 1990-2020\">\t\r\n\t\t<\/div>\r\n\t<!-- \/image-wrap -->\r\n    \r\n    \t<\/div>\r\n<!-- \/module image -->                    <\/div>\r\n                            <\/div>\r\n            \t    <\/div>\r\n\t<\/div><!-- \/themify_builder_sub_row -->\r\n\t<!-- module text -->\r\n<div  class=\"module module-text tb_i4uh885   \" data-lazy=\"1\">\r\n        <div  class=\"tb_text_wrap\">\r\n    <p style=\"text-align: center;\"><a href=\"\/fr\/contact\">Contactez-moi<\/a> pour plus d&#8217;informations.<\/p>    <\/div>\r\n<\/div>\r\n<!-- \/module text -->                    <\/div>\r\n                            <\/div>\r\n            \t    <\/div>\r\n\t    <!-- \/row_inner -->\r\n\t<\/div>\r\n\t<!-- \/module_row -->\r\n\t<\/div>\r\n<!--\/themify_builder_content-->","protected":false},"excerpt":{"rendered":"<p>Femmes artistes au sommet de l&#8217;art contemporain 1990-2020 Dans les ann\u00e9es 1990, de nombreuses jeunes femmes artistes de diff\u00e9rents pays et continents rejoignent les rangs. Elles percent dans les nombreuses nouvelles manifestations d&#8217;art dans le monde entier. C&#8217;est surtout la Biennale de Venise, avec sa longue dur\u00e9e, son grand public, ses nombreux journalistes et sa [&hellip;]<\/p>\n","protected":false},"author":3,"featured_media":0,"parent":0,"menu_order":0,"comment_status":"open","ping_status":"closed","template":"page.php","meta":{"footnotes":""},"class_list":["post-3034","page","type-page","status-publish","hentry"],"builder_content":"\n<h3>Femmes artistes au sommet de l'art contemporain 1990-2020<\/h3> \n <p>Dans les ann\u00e9es 1990, de nombreuses jeunes femmes artistes de diff\u00e9rents pays et continents rejoignent les rangs. Elles percent dans les nombreuses nouvelles manifestations d'art dans le monde entier. C'est surtout la Biennale de Venise, avec sa longue dur\u00e9e, son grand public, ses nombreux journalistes et sa douzaine de prix, qui commence \u00e0 montrer des \u0153uvres d'artistes f\u00e9minines et les fait progresser. Nous citons la Sud-Africaine Marlene Dumas, la Libanaise Mona Hatoum, la Colombienne Doris Salcedo et la Sud-Cor\u00e9enne Kimsooja. Elles travaillent sur des th\u00e8mes tels que la mondialisation, l'identit\u00e9, le post-colonialisme, l'urbanisation croissante, la violence politique et l\u2019ali\u00e9nation. La Britannique Tracey Emin et la Suissesse Pipilloti Rist se font aussi conna\u00eetre. Ainsi que deux artistes belges: Berlinde De Bruyckere et Ann Veronica Janssens. Au milieu des ann\u00e9es 2000, le march\u00e9 de l'art accueille de jeunes femmes artistes talentueuses d'origine africaine : l'Ethiopienne-Am\u00e9ricaine Julie Mehretu, l'Afro-Am\u00e9ricaine Kara Walker et r\u00e9cemment la Nig\u00e9riane-Am\u00e9ricaine Njideka Akunyili Crosby, qui sont devenues de v\u00e9ritables stars. En 2019-2022, il y aura des centaines d'expositions sur les femmes artistes dans l'art contemporain dans le monde entier. Est-ce une perc\u00e9e ?\u00a0\u00a0\u00a0<\/p>\n<img src=\"http:\/\/christianestruyven.be\/wp-content\/uploads\/2019\/08\/Picture-14.jpg\" width=\"600\" height=\"337\" title=\"Femmes artistes internationales au sommet de l&#8217;art contemporain 1990-2020\" alt=\"Femmes artistes internationales au sommet de l&#8217;art contemporain 1990-2020\">\n<img src=\"http:\/\/christianestruyven.be\/wp-content\/uploads\/2019\/08\/Picture-24.jpg\" width=\"600\" height=\"337\" title=\"Femmes artistes internationales au sommet de l&#8217;art contemporain 1990-2020\" alt=\"Femmes artistes internationales au sommet de l&#8217;art contemporain 1990-2020\">\n<a href=\"http:\/\/christianestruyven.be\/wp-content\/uploads\/2018\/09\/12-iconen-7-large.jpg\"\n >\n <img src=\"http:\/\/christianestruyven.be\/wp-content\/uploads\/2019\/08\/Picture-34.jpg\" width=\"600\" height=\"337\" title=\"Femmes artistes internationales au sommet de l&#8217;art contemporain 1990-2020\" alt=\"Femmes artistes internationales au sommet de l&#8217;art contemporain 1990-2020\"> <\/a>\n<img src=\"http:\/\/christianestruyven.be\/wp-content\/uploads\/2019\/08\/Picture-45.jpg\" width=\"600\" height=\"337\" title=\"Femmes artistes internationales au sommet de l&#8217;art contemporain 1990-2020\" alt=\"Femmes artistes internationales au sommet de l&#8217;art contemporain 1990-2020\">\n<p style=\"text-align: center;\"><a href=\"\/fr\/contact\">Contactez-moi<\/a> pour plus d'informations.<\/p>","_links":{"self":[{"href":"https:\/\/www.christianestruyven.be\/fr\/wp-json\/wp\/v2\/pages\/3034","targetHints":{"allow":["GET"]}}],"collection":[{"href":"https:\/\/www.christianestruyven.be\/fr\/wp-json\/wp\/v2\/pages"}],"about":[{"href":"https:\/\/www.christianestruyven.be\/fr\/wp-json\/wp\/v2\/types\/page"}],"author":[{"embeddable":true,"href":"https:\/\/www.christianestruyven.be\/fr\/wp-json\/wp\/v2\/users\/3"}],"replies":[{"embeddable":true,"href":"https:\/\/www.christianestruyven.be\/fr\/wp-json\/wp\/v2\/comments?post=3034"}],"version-history":[{"count":5,"href":"https:\/\/www.christianestruyven.be\/fr\/wp-json\/wp\/v2\/pages\/3034\/revisions"}],"predecessor-version":[{"id":3371,"href":"https:\/\/www.christianestruyven.be\/fr\/wp-json\/wp\/v2\/pages\/3034\/revisions\/3371"}],"wp:attachment":[{"href":"https:\/\/www.christianestruyven.be\/fr\/wp-json\/wp\/v2\/media?parent=3034"}],"curies":[{"name":"wp","href":"https:\/\/api.w.org\/{rel}","templated":true}]}}