{"id":3011,"date":"2019-08-13T18:33:36","date_gmt":"2019-08-13T17:33:36","guid":{"rendered":"http:\/\/christianestruyven.be\/en\/?page_id=3011"},"modified":"2022-01-31T11:57:27","modified_gmt":"2022-01-31T10:57:27","slug":"lart-feministe-aux-etats-unis-1970-1990","status":"publish","type":"page","link":"https:\/\/www.christianestruyven.be\/fr\/lart-feministe-aux-etats-unis-1970-1990\/","title":{"rendered":"L\u2019art f\u00e9ministe aux \u00c9tats-Unis 1970 -1990"},"content":{"rendered":"<!--themify_builder_content-->\r\n<div id=\"themify_builder_content-3011\" data-postid=\"3011\" class=\"themify_builder_content themify_builder_content-3011 themify_builder tf_clear\">\r\n    \t\t\t<!-- module_row -->\r\n\t<div  data-lazy=\"1\" class=\"module_row themify_builder_row wc subrow-no-btm-mrg tb_wlbd616 tb_first tf_w tf_clearfix\">\r\n\t    \t\t\t<div class=\"row_inner col_align_top tb_col_count_2 tf_box tf_rel\">\r\n\t\t            <div  data-lazy=\"1\" class=\"module_column tb-column col3-1 tb_vxzm617 first\">\r\n                                                        <div class=\"tb-column-inner tf_box tf_w\">\r\n                        <!-- module image -->\r\n<div  class=\"module module-image tb_6hjt618   image-top tf_mw\" data-lazy=\"1\">\r\n        <div class=\"image-wrap tf_rel tf_mw\">\r\n\t\t    \t\r\n\t\t<\/div>\r\n\t<!-- \/image-wrap -->\r\n    \r\n    \t<\/div>\r\n<!-- \/module image --><!-- module text -->\r\n<div  class=\"module module-text tb_xo3o618   \" data-lazy=\"1\">\r\n    <h3 class=\"module-title\">L\u2019art f\u00e9ministe aux \u00c9tats-Unis 1970 -1990<\/h3>    <div  class=\"tb_text_wrap\">\r\n    <p>Le f\u00e9minisme a explos\u00e9 aux \u00c9tats-Unis en 1970 et s&#8217;est r\u00e9pandu dans la soci\u00e9t\u00e9 comme un train \u00e0 grande vitesse. Dans les ann\u00e9es 1970 et 1980, les artistes f\u00e9ministes ont r\u00e9alis\u00e9 des \u0153uvres autour de l&#8217;identit\u00e9 et la condition f\u00e9minines. Leur art est particuli\u00e8rement radical et innovant. Elles ont abandonn\u00e9 la peinture et la sculpture traditionnelles (masculines) et ont r\u00e9solument opt\u00e9 pour de nouveaux genres : l&#8217;art de la performance, l&#8217;art vid\u00e9o, la photographie et les installations. Elles cr\u00e9ent de nouvelles images de la femme et donnent une voix \u00e0 l\u2019exp\u00e9rience f\u00e9minine. Pendant des d\u00e9cennies, les premi\u00e8res artistes f\u00e9ministes font l\u2018objet de moqueries et leur travail est consid\u00e9r\u00e9 comme celui de &#8220;femmes hyst\u00e9riques&#8221;. Mais en 2007, des historiennes de l&#8217;art vont faire la promotion de cet art f\u00e9ministe. Soudainement, l\u2019on comprend que cet art est le plus important de ces cinquante derni\u00e8res ann\u00e9es et qu&#8217;il est \u00e0 la base de l&#8217;art contemporain. De grandes artistes telles que Hannah Wilke, Ana Mendieta, Judy Chicago et Nancy Spero seront comment\u00e9es. Et, bien s\u00fbr, le poids lourd Louise Bourgeois, qui n&#8217;a obtenu sa premi\u00e8re exposition importante au MoMA qu&#8217;en 1982, \u00e0 l&#8217;\u00e2ge de 72 ans. Cindy Sherman et Barbara Kruger ont eu un impact imm\u00e9diat dans les ann\u00e9es 1980 avec leurs images conceptuelles d\u2019arch\u00e9types f\u00e9minins.<\/p>    <\/div>\r\n<\/div>\r\n<!-- \/module text -->                    <\/div>\r\n                            <\/div>\r\n                        <div  data-lazy=\"1\" class=\"module_column tb-column col3-2 tb_qldc619 last\">\r\n                                                        <div class=\"tb-column-inner tf_box tf_w\">\r\n                        \t<div  data-lazy=\"1\" class=\"module_subrow themify_builder_sub_row tb_payh619 tf_w tf_clearfix\">\r\n\t    \t\t\t<div class=\"subrow_inner gutter-none col_align_top tb_col_count_2 tf_box tf_w\">\r\n\t\t            <div  data-lazy=\"1\" class=\"module_column sub_column col4-2 tb_sddl619 first\">\r\n                                                        <div class=\"tb-column-inner tf_box tf_w\">\r\n                        <!-- module image -->\r\n<div  class=\"module module-image tb_1bmj619   image-top tf_mw\" data-lazy=\"1\">\r\n        <div class=\"image-wrap tf_rel tf_mw\">\r\n\t\t    <img loading=\"lazy\" decoding=\"async\" src=\"https:\/\/christianestruyven.be\/wp-content\/uploads\/2022\/01\/Feminist-art-1-2.png\" width=\"600\" height=\"391\" title=\"L\u2019art f\u00e9ministe aux \u00c9tats-Unis 1970 -1990\" alt=\"L\u2019art f\u00e9ministe aux \u00c9tats-Unis 1970 -1990\">\t\r\n\t\t<\/div>\r\n\t<!-- \/image-wrap -->\r\n    \r\n    \t<\/div>\r\n<!-- \/module image -->                    <\/div>\r\n                            <\/div>\r\n                        <div  data-lazy=\"1\" class=\"module_column sub_column col4-2 tb_8put620 last\">\r\n                                                        <div class=\"tb-column-inner tf_box tf_w\">\r\n                        <!-- module image -->\r\n<div  class=\"module module-image tb_qkxe620   image-top tf_mw\" data-lazy=\"1\">\r\n        <div class=\"image-wrap tf_rel tf_mw\">\r\n\t\t    <img loading=\"lazy\" decoding=\"async\" src=\"https:\/\/christianestruyven.be\/wp-content\/uploads\/2022\/01\/Feminist-art-2-2.png\" width=\"406\" height=\"351\" title=\"L\u2019art f\u00e9ministe aux \u00c9tats-Unis 1970 -1990\" alt=\"L\u2019art f\u00e9ministe aux \u00c9tats-Unis 1970 -1990\">\t\r\n\t\t<\/div>\r\n\t<!-- \/image-wrap -->\r\n    \r\n    \t<\/div>\r\n<!-- \/module image -->                    <\/div>\r\n                            <\/div>\r\n            \t    <\/div>\r\n\t<\/div><!-- \/themify_builder_sub_row -->\r\n\t\t<div  data-lazy=\"1\" class=\"module_subrow themify_builder_sub_row tb_zbqv620 tf_w tf_clearfix\">\r\n\t    \t\t\t<div class=\"subrow_inner gutter-none col_align_top tb_col_count_2 tf_box tf_w\">\r\n\t\t            <div  data-lazy=\"1\" class=\"module_column sub_column col4-2 tb_vwy5620 first\">\r\n                                                        <div class=\"tb-column-inner tf_box tf_w\">\r\n                        <!-- module image -->\r\n<div  class=\"module module-image tb_xovb620   image-top tf_mw\" data-lazy=\"1\">\r\n        <div class=\"image-wrap tf_rel tf_mw\">\r\n\t\t    <a href=\"http:\/\/christianestruyven.be\/wp-content\/uploads\/2018\/09\/12-iconen-7-large.jpg\"\r\n\t        class=\"lightbox-builder themify_lightbox\"\t       >\r\n\t\t   \t\t<img loading=\"lazy\" decoding=\"async\" src=\"https:\/\/christianestruyven.be\/wp-content\/uploads\/2022\/01\/Feminist-art-3-2.png\" width=\"600\" height=\"400\" title=\"L\u2019art f\u00e9ministe aux \u00c9tats-Unis 1970 -1990\" alt=\"L\u2019art f\u00e9ministe aux \u00c9tats-Unis 1970 -1990\">\t    <\/a>\r\n\t\r\n\t\t<\/div>\r\n\t<!-- \/image-wrap -->\r\n    \r\n    \t<\/div>\r\n<!-- \/module image -->                    <\/div>\r\n                            <\/div>\r\n                        <div  data-lazy=\"1\" class=\"module_column sub_column col4-2 tb_njsu620 last\">\r\n                                                        <div class=\"tb-column-inner tf_box tf_w\">\r\n                        <!-- module image -->\r\n<div  class=\"module module-image tb_dl9x621   image-top tf_mw\" data-lazy=\"1\">\r\n        <div class=\"image-wrap tf_rel tf_mw\">\r\n\t\t    <img loading=\"lazy\" decoding=\"async\" src=\"https:\/\/christianestruyven.be\/wp-content\/uploads\/2022\/01\/Feminist-art-4-2.png\" width=\"265\" height=\"356\" title=\"L\u2019art f\u00e9ministe aux \u00c9tats-Unis 1970 -1990\" alt=\"L\u2019art f\u00e9ministe aux \u00c9tats-Unis 1970 -1990\">\t\r\n\t\t<\/div>\r\n\t<!-- \/image-wrap -->\r\n    \r\n    \t<\/div>\r\n<!-- \/module image -->                    <\/div>\r\n                            <\/div>\r\n            \t    <\/div>\r\n\t<\/div><!-- \/themify_builder_sub_row -->\r\n\t<!-- module text -->\r\n<div  class=\"module module-text tb_j8u8621   \" data-lazy=\"1\">\r\n        <div  class=\"tb_text_wrap\">\r\n    <p style=\"text-align: center;\"><a href=\"\/fr\/contact\">Contactez-moi<\/a> pour plus d&#8217;informations.<\/p>    <\/div>\r\n<\/div>\r\n<!-- \/module text -->                    <\/div>\r\n                            <\/div>\r\n            \t    <\/div>\r\n\t    <!-- \/row_inner -->\r\n\t<\/div>\r\n\t<!-- \/module_row -->\r\n\t<\/div>\r\n<!--\/themify_builder_content-->","protected":false},"excerpt":{"rendered":"<p>L\u2019art f\u00e9ministe aux \u00c9tats-Unis 1970 -1990 Le f\u00e9minisme a explos\u00e9 aux \u00c9tats-Unis en 1970 et s&#8217;est r\u00e9pandu dans la soci\u00e9t\u00e9 comme un train \u00e0 grande vitesse. Dans les ann\u00e9es 1970 et 1980, les artistes f\u00e9ministes ont r\u00e9alis\u00e9 des \u0153uvres autour de l&#8217;identit\u00e9 et la condition f\u00e9minines. Leur art est particuli\u00e8rement radical et innovant. Elles ont [&hellip;]<\/p>\n","protected":false},"author":3,"featured_media":0,"parent":0,"menu_order":0,"comment_status":"open","ping_status":"closed","template":"page.php","meta":{"footnotes":""},"class_list":["post-3011","page","type-page","status-publish","hentry"],"builder_content":"\n<h3>L\u2019art f\u00e9ministe aux \u00c9tats-Unis 1970 -1990<\/h3> \n <p>Le f\u00e9minisme a explos\u00e9 aux \u00c9tats-Unis en 1970 et s'est r\u00e9pandu dans la soci\u00e9t\u00e9 comme un train \u00e0 grande vitesse. Dans les ann\u00e9es 1970 et 1980, les artistes f\u00e9ministes ont r\u00e9alis\u00e9 des \u0153uvres autour de l'identit\u00e9 et la condition f\u00e9minines. Leur art est particuli\u00e8rement radical et innovant. Elles ont abandonn\u00e9 la peinture et la sculpture traditionnelles (masculines) et ont r\u00e9solument opt\u00e9 pour de nouveaux genres : l'art de la performance, l'art vid\u00e9o, la photographie et les installations. Elles cr\u00e9ent de nouvelles images de la femme et donnent une voix \u00e0 l\u2019exp\u00e9rience f\u00e9minine. Pendant des d\u00e9cennies, les premi\u00e8res artistes f\u00e9ministes font l\u2018objet de moqueries et leur travail est consid\u00e9r\u00e9 comme celui de \"femmes hyst\u00e9riques\". Mais en 2007, des historiennes de l'art vont faire la promotion de cet art f\u00e9ministe. Soudainement, l\u2019on comprend que cet art est le plus important de ces cinquante derni\u00e8res ann\u00e9es et qu'il est \u00e0 la base de l'art contemporain. De grandes artistes telles que Hannah Wilke, Ana Mendieta, Judy Chicago et Nancy Spero seront comment\u00e9es. Et, bien s\u00fbr, le poids lourd Louise Bourgeois, qui n'a obtenu sa premi\u00e8re exposition importante au MoMA qu'en 1982, \u00e0 l'\u00e2ge de 72 ans. Cindy Sherman et Barbara Kruger ont eu un impact imm\u00e9diat dans les ann\u00e9es 1980 avec leurs images conceptuelles d\u2019arch\u00e9types f\u00e9minins.<\/p>\n<img src=\"https:\/\/christianestruyven.be\/wp-content\/uploads\/2022\/01\/Feminist-art-1-2.png\" width=\"600\" height=\"391\" title=\"L\u2019art f\u00e9ministe aux \u00c9tats-Unis 1970 -1990\" alt=\"L\u2019art f\u00e9ministe aux \u00c9tats-Unis 1970 -1990\">\n<img src=\"https:\/\/christianestruyven.be\/wp-content\/uploads\/2022\/01\/Feminist-art-2-2.png\" width=\"406\" height=\"351\" title=\"L\u2019art f\u00e9ministe aux \u00c9tats-Unis 1970 -1990\" alt=\"L\u2019art f\u00e9ministe aux \u00c9tats-Unis 1970 -1990\">\n<a href=\"http:\/\/christianestruyven.be\/wp-content\/uploads\/2018\/09\/12-iconen-7-large.jpg\"\n >\n <img src=\"https:\/\/christianestruyven.be\/wp-content\/uploads\/2022\/01\/Feminist-art-3-2.png\" width=\"600\" height=\"400\" title=\"L\u2019art f\u00e9ministe aux \u00c9tats-Unis 1970 -1990\" alt=\"L\u2019art f\u00e9ministe aux \u00c9tats-Unis 1970 -1990\"> <\/a>\n<img src=\"https:\/\/christianestruyven.be\/wp-content\/uploads\/2022\/01\/Feminist-art-4-2.png\" width=\"265\" height=\"356\" title=\"L\u2019art f\u00e9ministe aux \u00c9tats-Unis 1970 -1990\" alt=\"L\u2019art f\u00e9ministe aux \u00c9tats-Unis 1970 -1990\">\n<p style=\"text-align: center;\"><a href=\"\/fr\/contact\">Contactez-moi<\/a> pour plus d'informations.<\/p>","_links":{"self":[{"href":"https:\/\/www.christianestruyven.be\/fr\/wp-json\/wp\/v2\/pages\/3011","targetHints":{"allow":["GET"]}}],"collection":[{"href":"https:\/\/www.christianestruyven.be\/fr\/wp-json\/wp\/v2\/pages"}],"about":[{"href":"https:\/\/www.christianestruyven.be\/fr\/wp-json\/wp\/v2\/types\/page"}],"author":[{"embeddable":true,"href":"https:\/\/www.christianestruyven.be\/fr\/wp-json\/wp\/v2\/users\/3"}],"replies":[{"embeddable":true,"href":"https:\/\/www.christianestruyven.be\/fr\/wp-json\/wp\/v2\/comments?post=3011"}],"version-history":[{"count":7,"href":"https:\/\/www.christianestruyven.be\/fr\/wp-json\/wp\/v2\/pages\/3011\/revisions"}],"predecessor-version":[{"id":3428,"href":"https:\/\/www.christianestruyven.be\/fr\/wp-json\/wp\/v2\/pages\/3011\/revisions\/3428"}],"wp:attachment":[{"href":"https:\/\/www.christianestruyven.be\/fr\/wp-json\/wp\/v2\/media?parent=3011"}],"curies":[{"name":"wp","href":"https:\/\/api.w.org\/{rel}","templated":true}]}}