{"id":2934,"date":"2019-08-13T17:39:34","date_gmt":"2019-08-13T16:39:34","guid":{"rendered":"http:\/\/christianestruyven.be\/?page_id=2934"},"modified":"2022-02-01T10:33:37","modified_gmt":"2022-02-01T09:33:37","slug":"femmes-artistes-a-paris-1850-1900","status":"publish","type":"page","link":"https:\/\/www.christianestruyven.be\/fr\/femmes-artistes-a-paris-1850-1900\/","title":{"rendered":"Femmes artistes \u00e0 Paris 1850-1900"},"content":{"rendered":"<!--themify_builder_content-->\r\n<div id=\"themify_builder_content-2934\" data-postid=\"2934\" class=\"themify_builder_content themify_builder_content-2934 themify_builder tf_clear\">\r\n    \t\t\t<!-- module_row -->\r\n\t<div  data-lazy=\"1\" class=\"module_row themify_builder_row wc subrow-no-btm-mrg tb_x6b1640 tb_first tf_w tf_clearfix\">\r\n\t    \t\t\t<div class=\"row_inner col_align_top tb_col_count_2 tf_box tf_rel\">\r\n\t\t            <div  data-lazy=\"1\" class=\"module_column tb-column col3-1 tb_pcb9641 first\">\r\n                                                        <div class=\"tb-column-inner tf_box tf_w\">\r\n                        <!-- module text -->\r\n<div  class=\"module module-text tb_kewj641   \" data-lazy=\"1\">\r\n    <h3 class=\"module-title\">DES FEMMES-ARTISTES A PARIS 1850-1900<\/h3>    <div  class=\"tb_text_wrap\">\r\n    <div class=\"page\" title=\"Page 18\"><div class=\"layoutArea\"><div class=\"column\"><p>En 1850, Paris devient la ville de la modernit\u00e9 et le centre de l&#8217;avant-garde. Les mouvements d&#8217;avant-garde se multiplient : r\u00e9alisme social et impressionnisme. Pendant des si\u00e8cles, les femmes n&#8217;ont pas acc\u00e8s \u00e0 l&#8217;enseignement artistique officiel. Pire, elles doivent se faire accompagner par un chaperon pour sortir de chez elles le jour. La nuit, pas question de sortir. Elles n&#8217;ont pas la capacit\u00e9 juridique d&#8217;agir. Cependant, des femmes fortes et talentueuses telles que Rosa Bonheur, Berthe Morisot et Mary Cassatt (USA) surmontent les obstacles et enfreignent les r\u00e8gles sociales pour exercer leur talent. En 1872 et 1875, deux acad\u00e9mies priv\u00e9es, ouvrent enfin leurs portes aux femmes-artistes \u00e0 Paris. Elles attireront des dizaines de femmes artistes des \u00c9tats-Unis, de Russie et de Scandinavie, telles que Marie Bashkirtseff, Helene Schjerfbeck et Cecilia Beaux (\u00c9tats-Unis). Parmi elles, la plupart resteront m\u00e9connues pendant des d\u00e9cennies. Ce n&#8217;est qu&#8217;en 2017, que Camille Claudel aura son propre mus\u00e9e \u00e0 Nogent, et ce n\u2019est qu\u2019en 2018 que les \u0153uvres de ces peintres internationales seront expos\u00e9es lors d&#8217;une expo \u00e0 Paris, Denver, Louisville et Williamstown. En 2019 les \u0153uvres de Berthe Morisot et d&#8217;H\u00e9l\u00e8ne Schjerfbeck seront expos\u00e9es respectivement au Mus\u00e9e d&#8217;Orsay et \u00e0 la Royal Academy.\u00a0 Toutes ces expositions conna\u00eetront un succ\u00e8s foudroyant.<\/p><\/div><\/div><\/div>    <\/div>\r\n<\/div>\r\n<!-- \/module text -->                    <\/div>\r\n                            <\/div>\r\n                        <div  data-lazy=\"1\" class=\"module_column tb-column col3-2 tb_fxev744 last\">\r\n                                                        <div class=\"tb-column-inner tf_box tf_w\">\r\n                        \t<div  data-lazy=\"1\" class=\"module_subrow themify_builder_sub_row tb_9edg744 tf_w tf_clearfix\">\r\n\t    \t\t\t<div class=\"subrow_inner gutter-none col_align_top tb_col_count_3 tf_box tf_w\">\r\n\t\t            <div  data-lazy=\"1\" class=\"module_column sub_column col3-1 tb_q8du744 first\">\r\n                                                        <div class=\"tb-column-inner tf_box tf_w\">\r\n                        <!-- module image -->\r\n<div  class=\"module module-image tb_cxpq745   image-top tf_mw\" data-lazy=\"1\">\r\n        <div class=\"image-wrap tf_rel tf_mw\">\r\n\t\t    <a href=\"http:\/\/christianestruyven.be\/wp-content\/uploads\/2019\/02\/vrouw01.jpg\"\r\n\t        class=\"lightbox-builder themify_lightbox\"\t       >\r\n\t\t   \t\t<img loading=\"lazy\" decoding=\"async\" src=\"https:\/\/christianestruyven.be\/wp-content\/uploads\/2022\/02\/wp-1.png\" width=\"600\" height=\"345\" title=\"Femmes artistes \u00e0 Paris 1850-1900\" alt=\"Femmes artistes \u00e0 Paris 1850-1900\">\t    <\/a>\r\n\t\r\n\t\t<\/div>\r\n\t<!-- \/image-wrap -->\r\n    \r\n    \t<\/div>\r\n<!-- \/module image -->                    <\/div>\r\n                            <\/div>\r\n                        <div  data-lazy=\"1\" class=\"module_column sub_column col3-1 tb_g9cs745\">\r\n                                                        <div class=\"tb-column-inner tf_box tf_w\">\r\n                        <!-- module image -->\r\n<div  class=\"module module-image tb_g5aa745   image-top tf_mw\" data-lazy=\"1\">\r\n        <div class=\"image-wrap tf_rel tf_mw\">\r\n\t\t    <a href=\"http:\/\/christianestruyven.be\/wp-content\/uploads\/2019\/02\/vrouw02.jpg\"\r\n\t        class=\"lightbox-builder themify_lightbox\"\t       >\r\n\t\t   \t\t<img loading=\"lazy\" decoding=\"async\" src=\"https:\/\/christianestruyven.be\/wp-content\/uploads\/2022\/02\/wp2.png\" width=\"258\" height=\"309\" title=\"Femmes artistes \u00e0 Paris 1850-1900\" alt=\"Femmes artistes \u00e0 Paris 1850-1900\">\t    <\/a>\r\n\t\r\n\t\t<\/div>\r\n\t<!-- \/image-wrap -->\r\n    \r\n    \t<\/div>\r\n<!-- \/module image -->                    <\/div>\r\n                            <\/div>\r\n                        <div  data-lazy=\"1\" class=\"module_column sub_column col3-1 tb_s7n0745 last\">\r\n                                                        <div class=\"tb-column-inner tf_box tf_w\">\r\n                        <!-- module image -->\r\n<div  class=\"module module-image tb_s562745   image-top tf_mw\" data-lazy=\"1\">\r\n        <div class=\"image-wrap tf_rel tf_mw\">\r\n\t\t    <img loading=\"lazy\" decoding=\"async\" src=\"https:\/\/christianestruyven.be\/wp-content\/uploads\/2022\/02\/wp3-2.png\" width=\"255\" height=\"309\" title=\"Femmes artistes \u00e0 Paris 1850-1900\" alt=\"Femmes artistes \u00e0 Paris 1850-1900\">\t\r\n\t\t<\/div>\r\n\t<!-- \/image-wrap -->\r\n    \r\n    \t<\/div>\r\n<!-- \/module image -->                    <\/div>\r\n                            <\/div>\r\n            \t    <\/div>\r\n\t<\/div><!-- \/themify_builder_sub_row -->\r\n\t\t<div  data-lazy=\"1\" class=\"module_subrow themify_builder_sub_row tb_5ye9745 tf_w tf_clearfix\">\r\n\t    \t\t\t<div class=\"subrow_inner gutter-none col_align_top tb_col_count_2 tf_box tf_w\">\r\n\t\t            <div  data-lazy=\"1\" class=\"module_column sub_column col4-2 tb_zcx9745 first\">\r\n                                                        <div class=\"tb-column-inner tf_box tf_w\">\r\n                        <!-- module image -->\r\n<div  class=\"module module-image tb_0y3p745   image-top tf_mw\" data-lazy=\"1\">\r\n        <div class=\"image-wrap tf_rel tf_mw\">\r\n\t\t    <a href=\"http:\/\/christianestruyven.be\/wp-content\/uploads\/2019\/02\/vrouw03.jpg\"\r\n\t        class=\"lightbox-builder themify_lightbox\"\t       >\r\n\t\t   \t\t<img loading=\"lazy\" decoding=\"async\" src=\"https:\/\/christianestruyven.be\/wp-content\/uploads\/2022\/02\/wp4.png\" width=\"600\" height=\"360\" title=\"Femmes artistes \u00e0 Paris 1850-1900\" alt=\"Femmes artistes \u00e0 Paris 1850-1900\">\t    <\/a>\r\n\t\r\n\t\t<\/div>\r\n\t<!-- \/image-wrap -->\r\n    \r\n    \t<\/div>\r\n<!-- \/module image -->                    <\/div>\r\n                            <\/div>\r\n                        <div  data-lazy=\"1\" class=\"module_column sub_column col4-2 tb_463e745 last\">\r\n                                                        <div class=\"tb-column-inner tf_box tf_w\">\r\n                        <!-- module image -->\r\n<div  class=\"module module-image tb_qk1j745   image-top tf_mw\" data-lazy=\"1\">\r\n        <div class=\"image-wrap tf_rel tf_mw\">\r\n\t\t    <a href=\"http:\/\/christianestruyven.be\/wp-content\/uploads\/2019\/02\/vrouw04.jpg\"\r\n\t        class=\"lightbox-builder themify_lightbox\"\t       >\r\n\t\t   \t\t<img loading=\"lazy\" decoding=\"async\" src=\"https:\/\/christianestruyven.be\/wp-content\/uploads\/2022\/02\/wp5.png\" width=\"262\" height=\"316\" title=\"Femmes artistes \u00e0 Paris 1850-1900\" alt=\"Femmes artistes \u00e0 Paris 1850-1900\">\t    <\/a>\r\n\t\r\n\t\t<\/div>\r\n\t<!-- \/image-wrap -->\r\n    \r\n    \t<\/div>\r\n<!-- \/module image -->                    <\/div>\r\n                            <\/div>\r\n            \t    <\/div>\r\n\t<\/div><!-- \/themify_builder_sub_row -->\r\n\t<!-- module text -->\r\n<div  class=\"module module-text tb_7jhs746   \" data-lazy=\"1\">\r\n        <div  class=\"tb_text_wrap\">\r\n    <p style=\"text-align: center;\">Neem <a href=\"\/contact\">contact<\/a> op voor meer informatie over deze voordracht.<\/p>    <\/div>\r\n<\/div>\r\n<!-- \/module text -->                    <\/div>\r\n                            <\/div>\r\n            \t    <\/div>\r\n\t    <!-- \/row_inner -->\r\n\t<\/div>\r\n\t<!-- \/module_row -->\r\n\t<\/div>\r\n<!--\/themify_builder_content-->","protected":false},"excerpt":{"rendered":"<p>DES FEMMES-ARTISTES A PARIS 1850-1900 En 1850, Paris devient la ville de la modernit\u00e9 et le centre de l&#8217;avant-garde. Les mouvements d&#8217;avant-garde se multiplient : r\u00e9alisme social et impressionnisme. Pendant des si\u00e8cles, les femmes n&#8217;ont pas acc\u00e8s \u00e0 l&#8217;enseignement artistique officiel. Pire, elles doivent se faire accompagner par un chaperon pour sortir de chez elles [&hellip;]<\/p>\n","protected":false},"author":3,"featured_media":0,"parent":0,"menu_order":0,"comment_status":"open","ping_status":"closed","template":"page.php","meta":{"footnotes":""},"class_list":["post-2934","page","type-page","status-publish","hentry"],"builder_content":"<h3>DES FEMMES-ARTISTES A PARIS 1850-1900<\/h3> \n <p>En 1850, Paris devient la ville de la modernit\u00e9 et le centre de l'avant-garde. Les mouvements d'avant-garde se multiplient : r\u00e9alisme social et impressionnisme. Pendant des si\u00e8cles, les femmes n'ont pas acc\u00e8s \u00e0 l'enseignement artistique officiel. Pire, elles doivent se faire accompagner par un chaperon pour sortir de chez elles le jour. La nuit, pas question de sortir. Elles n'ont pas la capacit\u00e9 juridique d'agir. Cependant, des femmes fortes et talentueuses telles que Rosa Bonheur, Berthe Morisot et Mary Cassatt (USA) surmontent les obstacles et enfreignent les r\u00e8gles sociales pour exercer leur talent. En 1872 et 1875, deux acad\u00e9mies priv\u00e9es, ouvrent enfin leurs portes aux femmes-artistes \u00e0 Paris. Elles attireront des dizaines de femmes artistes des \u00c9tats-Unis, de Russie et de Scandinavie, telles que Marie Bashkirtseff, Helene Schjerfbeck et Cecilia Beaux (\u00c9tats-Unis). Parmi elles, la plupart resteront m\u00e9connues pendant des d\u00e9cennies. Ce n'est qu'en 2017, que Camille Claudel aura son propre mus\u00e9e \u00e0 Nogent, et ce n\u2019est qu\u2019en 2018 que les \u0153uvres de ces peintres internationales seront expos\u00e9es lors d'une expo \u00e0 Paris, Denver, Louisville et Williamstown. En 2019 les \u0153uvres de Berthe Morisot et d'H\u00e9l\u00e8ne Schjerfbeck seront expos\u00e9es respectivement au Mus\u00e9e d'Orsay et \u00e0 la Royal Academy.\u00a0 Toutes ces expositions conna\u00eetront un succ\u00e8s foudroyant.<\/p>\n<a href=\"http:\/\/christianestruyven.be\/wp-content\/uploads\/2019\/02\/vrouw01.jpg\"\n >\n <img src=\"https:\/\/christianestruyven.be\/wp-content\/uploads\/2022\/02\/wp-1.png\" width=\"600\" height=\"345\" title=\"Femmes artistes \u00e0 Paris 1850-1900\" alt=\"Femmes artistes \u00e0 Paris 1850-1900\"> <\/a>\n<a href=\"http:\/\/christianestruyven.be\/wp-content\/uploads\/2019\/02\/vrouw02.jpg\"\n >\n <img src=\"https:\/\/christianestruyven.be\/wp-content\/uploads\/2022\/02\/wp2.png\" width=\"258\" height=\"309\" title=\"Femmes artistes \u00e0 Paris 1850-1900\" alt=\"Femmes artistes \u00e0 Paris 1850-1900\"> <\/a>\n<img src=\"https:\/\/christianestruyven.be\/wp-content\/uploads\/2022\/02\/wp3-2.png\" width=\"255\" height=\"309\" title=\"Femmes artistes \u00e0 Paris 1850-1900\" alt=\"Femmes artistes \u00e0 Paris 1850-1900\">\n<a href=\"http:\/\/christianestruyven.be\/wp-content\/uploads\/2019\/02\/vrouw03.jpg\"\n >\n <img src=\"https:\/\/christianestruyven.be\/wp-content\/uploads\/2022\/02\/wp4.png\" width=\"600\" height=\"360\" title=\"Femmes artistes \u00e0 Paris 1850-1900\" alt=\"Femmes artistes \u00e0 Paris 1850-1900\"> <\/a>\n<a href=\"http:\/\/christianestruyven.be\/wp-content\/uploads\/2019\/02\/vrouw04.jpg\"\n >\n <img src=\"https:\/\/christianestruyven.be\/wp-content\/uploads\/2022\/02\/wp5.png\" width=\"262\" height=\"316\" title=\"Femmes artistes \u00e0 Paris 1850-1900\" alt=\"Femmes artistes \u00e0 Paris 1850-1900\"> <\/a>\n<p style=\"text-align: center;\">Neem <a href=\"\/contact\">contact<\/a> op voor meer informatie over deze voordracht.<\/p>","_links":{"self":[{"href":"https:\/\/www.christianestruyven.be\/fr\/wp-json\/wp\/v2\/pages\/2934","targetHints":{"allow":["GET"]}}],"collection":[{"href":"https:\/\/www.christianestruyven.be\/fr\/wp-json\/wp\/v2\/pages"}],"about":[{"href":"https:\/\/www.christianestruyven.be\/fr\/wp-json\/wp\/v2\/types\/page"}],"author":[{"embeddable":true,"href":"https:\/\/www.christianestruyven.be\/fr\/wp-json\/wp\/v2\/users\/3"}],"replies":[{"embeddable":true,"href":"https:\/\/www.christianestruyven.be\/fr\/wp-json\/wp\/v2\/comments?post=2934"}],"version-history":[{"count":6,"href":"https:\/\/www.christianestruyven.be\/fr\/wp-json\/wp\/v2\/pages\/2934\/revisions"}],"predecessor-version":[{"id":3463,"href":"https:\/\/www.christianestruyven.be\/fr\/wp-json\/wp\/v2\/pages\/2934\/revisions\/3463"}],"wp:attachment":[{"href":"https:\/\/www.christianestruyven.be\/fr\/wp-json\/wp\/v2\/media?parent=2934"}],"curies":[{"name":"wp","href":"https:\/\/api.w.org\/{rel}","templated":true}]}}