{"id":2835,"date":"2019-02-18T21:21:49","date_gmt":"2019-02-18T20:21:49","guid":{"rendered":"http:\/\/christianestruyven.be\/?page_id=2835"},"modified":"2022-02-01T10:12:51","modified_gmt":"2022-02-01T09:12:51","slug":"quest-ce-quun-chef-doeuvre-partie-ii","status":"publish","type":"page","link":"https:\/\/www.christianestruyven.be\/fr\/quest-ce-quun-chef-doeuvre-partie-ii\/","title":{"rendered":"Qu\u2019est-ce qu\u2019un chef d\u2019oeuvre? Partie II"},"content":{"rendered":"<!--themify_builder_content-->\r\n<div id=\"themify_builder_content-2835\" data-postid=\"2835\" class=\"themify_builder_content themify_builder_content-2835 themify_builder tf_clear\">\r\n    \t\t\t<!-- module_row -->\r\n\t<div  data-lazy=\"1\" class=\"module_row themify_builder_row wc subrow-no-btm-mrg tb_tcxb856 tb_first tf_w tf_clearfix\">\r\n\t    \t\t\t<div class=\"row_inner col_align_top tb_col_count_2 tf_box tf_rel\">\r\n\t\t            <div  data-lazy=\"1\" class=\"module_column tb-column col3-1 tb_9pdi858 first\">\r\n                                                        <div class=\"tb-column-inner tf_box tf_w\">\r\n                        <!-- module text -->\r\n<div  class=\"module module-text tb_my6a858   \" data-lazy=\"1\">\r\n    <h3 class=\"module-title\">Qu\u2019est-ce qu\u2019un chef d\u2019oeuvre? Partie II<\/h3>    <div  class=\"tb_text_wrap\">\r\n    <p>Sur la base de douze \u0153uvres d&#8217;art, nous nous livrons au m\u00eame exercice qui est d\u2019expliquer pourquoi certaines \u0153uvres d&#8217;art sont universelles et \u00e9ternellement attrayantes. Qu&#8217;y a-t-il de si captivant dans la c\u00e9l\u00e8bre sculpture \u00e9gyptienne de la reine N\u00e9fertiti datant de 1352 avant J.-C. ? Ou dans une statue d&#8217;anc\u00eatre Hemba provenant du Congo \u00e0 la fin du 19e si\u00e8cle ? Quel est le secret de &#8220;La d\u00e9capitation de Jean-Baptiste&#8221; du Caravage de 1608, ou des &#8220;Menines&#8221; de Velasquez de 1656 ? Pourquoi le tableau de David Hockney &#8220;Deux personnages pr\u00e8s d&#8217;une piscine&#8221;, peint en 1972, a-t-il atteint 90 millions de dollars en 2018 ? Un voyage \u00e0 travers 3000 ans d&#8217;art&#8230;<\/p>    <\/div>\r\n<\/div>\r\n<!-- \/module text -->                    <\/div>\r\n                            <\/div>\r\n                        <div  data-lazy=\"1\" class=\"module_column tb-column col3-2 tb_b9t612 last\">\r\n                                                        <div class=\"tb-column-inner tf_box tf_w\">\r\n                        \t<div  data-lazy=\"1\" class=\"module_subrow themify_builder_sub_row tb_mkkq13 tf_w tf_clearfix\">\r\n\t    \t\t\t<div class=\"subrow_inner gutter-none col_align_top tb_col_count_2 tf_box tf_w\">\r\n\t\t            <div  data-lazy=\"1\" class=\"module_column sub_column col4-2 tb_nmsd13 first\">\r\n                                                        <div class=\"tb-column-inner tf_box tf_w\">\r\n                        <!-- module image -->\r\n<div  class=\"module module-image tb_d8r113   image-top tf_mw\" data-lazy=\"1\">\r\n        <div class=\"image-wrap tf_rel tf_mw\">\r\n\t\t    <a href=\"http:\/\/christianestruyven.be\/wp-content\/uploads\/2019\/02\/oevre11.png\"\r\n\t        class=\"lightbox-builder themify_lightbox\"\t       >\r\n\t\t   \t\t<img loading=\"lazy\" decoding=\"async\" src=\"https:\/\/christianestruyven.be\/wp-content\/uploads\/2022\/02\/master-1.png\" width=\"446\" height=\"294\" title=\"Qu\u2019est-ce qu\u2019un chef d\u2019oeuvre? Partie II\" alt=\"Qu\u2019est-ce qu\u2019un chef d\u2019oeuvre? Partie II\">\t    <\/a>\r\n\t\r\n\t\t<\/div>\r\n\t<!-- \/image-wrap -->\r\n    \r\n    \t<\/div>\r\n<!-- \/module image -->                    <\/div>\r\n                            <\/div>\r\n                        <div  data-lazy=\"1\" class=\"module_column sub_column col4-2 tb_tx3013 last\">\r\n                                                        <div class=\"tb-column-inner tf_box tf_w\">\r\n                        <!-- module image -->\r\n<div  class=\"module module-image tb_psl813   image-top tf_mw\" data-lazy=\"1\">\r\n        <div class=\"image-wrap tf_rel tf_mw\">\r\n\t\t    <a href=\"http:\/\/christianestruyven.be\/wp-content\/uploads\/2019\/02\/oevre21.jpg\"\r\n\t        class=\"lightbox-builder themify_lightbox\"\t       >\r\n\t\t   \t\t<img loading=\"lazy\" decoding=\"async\" src=\"https:\/\/christianestruyven.be\/wp-content\/uploads\/2022\/01\/master-1.png\" width=\"219\" height=\"292\" title=\"Qu\u2019est-ce qu\u2019un chef d\u2019oeuvre? Partie II\" alt=\"Qu\u2019est-ce qu\u2019un chef d\u2019oeuvre? Partie II\">\t    <\/a>\r\n\t\r\n\t\t<\/div>\r\n\t<!-- \/image-wrap -->\r\n    \r\n    \t<\/div>\r\n<!-- \/module image -->                    <\/div>\r\n                            <\/div>\r\n            \t    <\/div>\r\n\t<\/div><!-- \/themify_builder_sub_row -->\r\n\t\t<div  data-lazy=\"1\" class=\"module_subrow themify_builder_sub_row tb_th6b13 tf_w tf_clearfix\">\r\n\t    \t\t\t<div class=\"subrow_inner gutter-none col_align_top tb_col_count_2 tf_box tf_w\">\r\n\t\t            <div  data-lazy=\"1\" class=\"module_column sub_column col4-2 tb_cku213 first\">\r\n                                                        <div class=\"tb-column-inner tf_box tf_w\">\r\n                        <!-- module image -->\r\n<div  class=\"module module-image tb_k6q913   image-top tf_mw\" data-lazy=\"1\">\r\n        <div class=\"image-wrap tf_rel tf_mw\">\r\n\t\t    <a href=\"http:\/\/christianestruyven.be\/wp-content\/uploads\/2017\/02\/meesterwerken-3-large.jpg\"\r\n\t        class=\"lightbox-builder themify_lightbox\"\t       >\r\n\t\t   \t\t<img loading=\"lazy\" decoding=\"async\" src=\"https:\/\/christianestruyven.be\/wp-content\/uploads\/2022\/01\/master-4.png\" width=\"600\" height=\"556\" title=\"Qu\u2019est-ce qu\u2019un chef d\u2019oeuvre? Partie II\" alt=\"Qu\u2019est-ce qu\u2019un chef d\u2019oeuvre? Partie II\">\t    <\/a>\r\n\t\r\n\t\t<\/div>\r\n\t<!-- \/image-wrap -->\r\n    \r\n    \t<\/div>\r\n<!-- \/module image -->                    <\/div>\r\n                            <\/div>\r\n                        <div  data-lazy=\"1\" class=\"module_column sub_column col4-2 tb_g9wr14 last\">\r\n                                                        <div class=\"tb-column-inner tf_box tf_w\">\r\n                        <!-- module image -->\r\n<div  class=\"module module-image tb_rlpq14   image-top tf_mw\" data-lazy=\"1\">\r\n        <div class=\"image-wrap tf_rel tf_mw\">\r\n\t\t    <a href=\"http:\/\/christianestruyven.be\/wp-content\/uploads\/2019\/02\/oevre41.jpg\"\r\n\t        class=\"lightbox-builder themify_lightbox\"\t       >\r\n\t\t   \t\t<img loading=\"lazy\" decoding=\"async\" src=\"https:\/\/christianestruyven.be\/wp-content\/uploads\/2022\/02\/master-4.png\" width=\"344\" height=\"318\" title=\"Qu\u2019est-ce qu\u2019un chef d\u2019oeuvre? Partie II\" alt=\"Qu\u2019est-ce qu\u2019un chef d\u2019oeuvre? Partie II\">\t    <\/a>\r\n\t\r\n\t\t<\/div>\r\n\t<!-- \/image-wrap -->\r\n    \r\n    \t<\/div>\r\n<!-- \/module image -->                    <\/div>\r\n                            <\/div>\r\n            \t    <\/div>\r\n\t<\/div><!-- \/themify_builder_sub_row -->\r\n\t<!-- module text -->\r\n<div  class=\"module module-text tb_27qc14   \" data-lazy=\"1\">\r\n        <div  class=\"tb_text_wrap\">\r\n    <p style=\"text-align: center;\">Please <a href=\"\/en\/contact\">contact<\/a> me for more information.<\/p>    <\/div>\r\n<\/div>\r\n<!-- \/module text -->                    <\/div>\r\n                            <\/div>\r\n            \t    <\/div>\r\n\t    <!-- \/row_inner -->\r\n\t<\/div>\r\n\t<!-- \/module_row -->\r\n\t<\/div>\r\n<!--\/themify_builder_content-->","protected":false},"excerpt":{"rendered":"<p>Qu\u2019est-ce qu\u2019un chef d\u2019oeuvre? Partie II Sur la base de douze \u0153uvres d&#8217;art, nous nous livrons au m\u00eame exercice qui est d\u2019expliquer pourquoi certaines \u0153uvres d&#8217;art sont universelles et \u00e9ternellement attrayantes. Qu&#8217;y a-t-il de si captivant dans la c\u00e9l\u00e8bre sculpture \u00e9gyptienne de la reine N\u00e9fertiti datant de 1352 avant J.-C. ? Ou dans une statue [&hellip;]<\/p>\n","protected":false},"author":3,"featured_media":0,"parent":0,"menu_order":0,"comment_status":"open","ping_status":"closed","template":"page.php","meta":{"footnotes":""},"class_list":["post-2835","page","type-page","status-publish","hentry"],"builder_content":"<h3>Qu\u2019est-ce qu\u2019un chef d\u2019oeuvre? Partie II<\/h3> \n <p>Sur la base de douze \u0153uvres d'art, nous nous livrons au m\u00eame exercice qui est d\u2019expliquer pourquoi certaines \u0153uvres d'art sont universelles et \u00e9ternellement attrayantes. Qu'y a-t-il de si captivant dans la c\u00e9l\u00e8bre sculpture \u00e9gyptienne de la reine N\u00e9fertiti datant de 1352 avant J.-C. ? Ou dans une statue d'anc\u00eatre Hemba provenant du Congo \u00e0 la fin du 19e si\u00e8cle ? Quel est le secret de \"La d\u00e9capitation de Jean-Baptiste\" du Caravage de 1608, ou des \"Menines\" de Velasquez de 1656 ? Pourquoi le tableau de David Hockney \"Deux personnages pr\u00e8s d'une piscine\", peint en 1972, a-t-il atteint 90 millions de dollars en 2018 ? Un voyage \u00e0 travers 3000 ans d'art...<\/p>\n<a href=\"http:\/\/christianestruyven.be\/wp-content\/uploads\/2019\/02\/oevre11.png\"\n >\n <img src=\"https:\/\/christianestruyven.be\/wp-content\/uploads\/2022\/02\/master-1.png\" width=\"446\" height=\"294\" title=\"Qu\u2019est-ce qu\u2019un chef d\u2019oeuvre? Partie II\" alt=\"Qu\u2019est-ce qu\u2019un chef d\u2019oeuvre? Partie II\"> <\/a>\n<a href=\"http:\/\/christianestruyven.be\/wp-content\/uploads\/2019\/02\/oevre21.jpg\"\n >\n <img src=\"https:\/\/christianestruyven.be\/wp-content\/uploads\/2022\/01\/master-1.png\" width=\"219\" height=\"292\" title=\"Qu\u2019est-ce qu\u2019un chef d\u2019oeuvre? Partie II\" alt=\"Qu\u2019est-ce qu\u2019un chef d\u2019oeuvre? Partie II\"> <\/a>\n<a href=\"http:\/\/christianestruyven.be\/wp-content\/uploads\/2017\/02\/meesterwerken-3-large.jpg\"\n >\n <img src=\"https:\/\/christianestruyven.be\/wp-content\/uploads\/2022\/01\/master-4.png\" width=\"600\" height=\"556\" title=\"Qu\u2019est-ce qu\u2019un chef d\u2019oeuvre? Partie II\" alt=\"Qu\u2019est-ce qu\u2019un chef d\u2019oeuvre? Partie II\"> <\/a>\n<a href=\"http:\/\/christianestruyven.be\/wp-content\/uploads\/2019\/02\/oevre41.jpg\"\n >\n <img src=\"https:\/\/christianestruyven.be\/wp-content\/uploads\/2022\/02\/master-4.png\" width=\"344\" height=\"318\" title=\"Qu\u2019est-ce qu\u2019un chef d\u2019oeuvre? Partie II\" alt=\"Qu\u2019est-ce qu\u2019un chef d\u2019oeuvre? Partie II\"> <\/a>\n<p style=\"text-align: center;\">Please <a href=\"\/en\/contact\">contact<\/a> me for more information.<\/p>","_links":{"self":[{"href":"https:\/\/www.christianestruyven.be\/fr\/wp-json\/wp\/v2\/pages\/2835","targetHints":{"allow":["GET"]}}],"collection":[{"href":"https:\/\/www.christianestruyven.be\/fr\/wp-json\/wp\/v2\/pages"}],"about":[{"href":"https:\/\/www.christianestruyven.be\/fr\/wp-json\/wp\/v2\/types\/page"}],"author":[{"embeddable":true,"href":"https:\/\/www.christianestruyven.be\/fr\/wp-json\/wp\/v2\/users\/3"}],"replies":[{"embeddable":true,"href":"https:\/\/www.christianestruyven.be\/fr\/wp-json\/wp\/v2\/comments?post=2835"}],"version-history":[{"count":11,"href":"https:\/\/www.christianestruyven.be\/fr\/wp-json\/wp\/v2\/pages\/2835\/revisions"}],"predecessor-version":[{"id":3446,"href":"https:\/\/www.christianestruyven.be\/fr\/wp-json\/wp\/v2\/pages\/2835\/revisions\/3446"}],"wp:attachment":[{"href":"https:\/\/www.christianestruyven.be\/fr\/wp-json\/wp\/v2\/media?parent=2835"}],"curies":[{"name":"wp","href":"https:\/\/api.w.org\/{rel}","templated":true}]}}