{"id":2776,"date":"2018-03-20T19:49:01","date_gmt":"2018-03-20T18:49:01","guid":{"rendered":"http:\/\/christianestruyven.be\/fr\/12-icons-comtemporary-art\/"},"modified":"2022-01-31T10:40:47","modified_gmt":"2022-01-31T09:40:47","slug":"12-icones-art-contemporain","status":"publish","type":"page","link":"https:\/\/www.christianestruyven.be\/fr\/12-icones-art-contemporain\/","title":{"rendered":"12 ICONES DE L\u2019ART CONTEMPORAIN 1960-2000"},"content":{"rendered":"<!--themify_builder_content-->\r\n<div id=\"themify_builder_content-2776\" data-postid=\"2776\" class=\"themify_builder_content themify_builder_content-2776 themify_builder tf_clear\">\r\n    \t\t\t<!-- module_row -->\r\n\t<div  data-lazy=\"1\" class=\"module_row themify_builder_row wc subrow-no-btm-mrg tb_2wri222 tb_first tf_w tf_clearfix\">\r\n\t    \t\t\t<div class=\"row_inner col_align_top tb_col_count_2 tf_box tf_rel\">\r\n\t\t            <div  data-lazy=\"1\" class=\"module_column tb-column col3-1 tb_yj0g522 first\">\r\n                                                        <div class=\"tb-column-inner tf_box tf_w\">\r\n                        <!-- module image -->\r\n<div  class=\"module module-image tb_a574600   image-top tf_mw\" data-lazy=\"1\">\r\n        <div class=\"image-wrap tf_rel tf_mw\">\r\n\t\t    <img loading=\"lazy\" decoding=\"async\" src=\"http:\/\/christianestruyven.be\/wp-content\/uploads\/2018\/03\/12-iconen-hedendaagse-kunst.jpg\" width=\"600\" height=\"400\" title=\"12 ICONES DE L\u2019ART CONTEMPORAIN 1960-2000\" alt=\"12 ICONES DE L\u2019ART CONTEMPORAIN 1960-2000\">\t\r\n\t\t<\/div>\r\n\t<!-- \/image-wrap -->\r\n    \r\n    \t<\/div>\r\n<!-- \/module image --><!-- module text -->\r\n<div  class=\"module module-text tb_jp8e220   \" data-lazy=\"1\">\r\n    <h3 class=\"module-title\">COMMENT LIRE L\u2019ART CONTEMPORAIN ? 12 IC\u00d4NES 1960-1990<\/h3>    <div  class=\"tb_text_wrap\">\r\n    <p>L\u2019art contemporain est tant\u00f4t idol\u00e2tr\u00e9, tant\u00f4t vou\u00e9 aux g\u00e9monies. Il laisse rarement indiff\u00e9rent. Beaucoup de gens connaissent mal cet art et le condamnent trop vite. D\u00e8s lors, ils perdent toute opportunit\u00e9 d\u2019y trouver du plaisir ou de se retrouver dans cet art, qui, comme toujours, est un t\u00e9moignage de notre soci\u00e9t\u00e9. Depuis 1960, notre monde a chang\u00e9 \u00e0 un rythme effr\u00e9n\u00e9\u00a0: surconsommation, nouvelles technologies, m\u00e9dias de masse, culture visuelle omnipr\u00e9sente, globalisation, etc\u2026. L\u2019art a suivi cette \u00e9volution et la complexit\u00e9 de notre soci\u00e9t\u00e9 se refl\u00e8te \u00e0 son tour dans un art complexe. De plus, l\u2019art n\u2019a jamais \u00e9t\u00e9 \u00e9vident en soi et il a TOUJOURS requis un effort pour \u00eatre compris.<\/p>\n<p>Cette causerie pr\u00e9sente 12 ic\u00f4nes de l\u2019art contemporain entre 1960 et 1990 qui illustrent les grandes tendances de cette \u00e9poque : le <em>pop art<\/em>, le <em>minimalisme<\/em>, le <em>conceptualisme<\/em>, <em>l\u2019arte povera<\/em>, le <em>n\u00e9o<\/em>&#8211;<em>expressionisme,<\/em> la <em>D\u00fcsseldorf Schule f\u00fcr Fotografie<\/em>, les <em>Young British Artists<\/em>. Des \u0153uvres d\u2019artistes \u00e9tablis tels que Andy Warhol, Donald Judd, Bruce Nauman, Giuseppe Penone, Josef Beuys, Bernd et Hilla Becher, Cindy Sherman, Gerhard Richter, Jean-Michel Basquiat, Marlene Dumas, Andreas Gursky et Damien Hirst sont pass\u00e9es en revue. Une br\u00e8ve analyse d\u00e9crit les tendances \u00e9conomiques du march\u00e9 de l\u2019art depuis 1960.<\/p>    <\/div>\r\n<\/div>\r\n<!-- \/module text -->                    <\/div>\r\n                            <\/div>\r\n                        <div  data-lazy=\"1\" class=\"module_column tb-column col3-2 tb_jx7g320 last\">\r\n                                                        <div class=\"tb-column-inner tf_box tf_w\">\r\n                        \t<div  data-lazy=\"1\" class=\"module_subrow themify_builder_sub_row tb_86t6005 tf_w tf_clearfix\">\r\n\t    \t\t\t<div class=\"subrow_inner gutter-none col_align_top tb_col_count_2 tf_box tf_w\">\r\n\t\t            <div  data-lazy=\"1\" class=\"module_column sub_column col4-2 tb_msh4286 first\">\r\n                                                        <div class=\"tb-column-inner tf_box tf_w\">\r\n                        <!-- module image -->\r\n<div  class=\"module module-image tb_obto002   image-top tf_mw\" data-lazy=\"1\">\r\n        <div class=\"image-wrap tf_rel tf_mw\">\r\n\t\t    <a href=\"http:\/\/christianestruyven.be\/wp-content\/uploads\/2018\/03\/12-iconen-1-large.jpg\"\r\n\t        class=\"lightbox-builder themify_lightbox\"\t       >\r\n\t\t   \t\t<img loading=\"lazy\" decoding=\"async\" src=\"http:\/\/christianestruyven.be\/wp-content\/uploads\/2018\/03\/12-iconen-1.jpg\" width=\"600\" height=\"500\" title=\"12 ICONES DE L\u2019ART CONTEMPORAIN 1960-2000\" alt=\"12 ICONES DE L\u2019ART CONTEMPORAIN 1960-2000\">\t    <\/a>\r\n\t\r\n\t\t<\/div>\r\n\t<!-- \/image-wrap -->\r\n    \r\n    \t<\/div>\r\n<!-- \/module image -->                    <\/div>\r\n                            <\/div>\r\n                        <div  data-lazy=\"1\" class=\"module_column sub_column col4-2 tb_s7ht303 last\">\r\n                                                        <div class=\"tb-column-inner tf_box tf_w\">\r\n                        <!-- module image -->\r\n<div  class=\"module module-image tb_x8c6353   image-top tf_mw\" data-lazy=\"1\">\r\n        <div class=\"image-wrap tf_rel tf_mw\">\r\n\t\t    <a href=\"http:\/\/christianestruyven.be\/wp-content\/uploads\/2018\/03\/12-iconen-2-large.jpg\"\r\n\t        class=\"lightbox-builder themify_lightbox\"\t       >\r\n\t\t   \t\t<img loading=\"lazy\" decoding=\"async\" src=\"http:\/\/christianestruyven.be\/wp-content\/uploads\/2018\/03\/12-iconen-2.jpg\" width=\"600\" height=\"500\" title=\"12 ICONES DE L\u2019ART CONTEMPORAIN 1960-2000\" alt=\"12 ICONES DE L\u2019ART CONTEMPORAIN 1960-2000\">\t    <\/a>\r\n\t\r\n\t\t<\/div>\r\n\t<!-- \/image-wrap -->\r\n    \r\n    \t<\/div>\r\n<!-- \/module image -->                    <\/div>\r\n                            <\/div>\r\n            \t    <\/div>\r\n\t<\/div><!-- \/themify_builder_sub_row -->\r\n\t\t<div  data-lazy=\"1\" class=\"module_subrow themify_builder_sub_row tb_dm06026 tf_w tf_clearfix\">\r\n\t    \t\t\t<div class=\"subrow_inner gutter-none col_align_top tb_col_count_2 tf_box tf_w\">\r\n\t\t            <div  data-lazy=\"1\" class=\"module_column sub_column col4-2 tb_9a09035 first\">\r\n                                                        <div class=\"tb-column-inner tf_box tf_w\">\r\n                        <!-- module image -->\r\n<div  class=\"module module-image tb_5x1x000   image-top tf_mw\" data-lazy=\"1\">\r\n        <div class=\"image-wrap tf_rel tf_mw\">\r\n\t\t    <a href=\"http:\/\/christianestruyven.be\/wp-content\/uploads\/2018\/03\/12-iconen-3-large.jpg\"\r\n\t        class=\"lightbox-builder themify_lightbox\"\t       >\r\n\t\t   \t\t<img decoding=\"async\" src=\"http:\/\/christianestruyven.be\/wp-content\/uploads\/2018\/03\/12-iconen-3.jpg\" width=\"600\" title=\"12 ICONES DE L\u2019ART CONTEMPORAIN 1960-2000\" alt=\"12 ICONES DE L\u2019ART CONTEMPORAIN 1960-2000\">\t    <\/a>\r\n\t\r\n\t\t<\/div>\r\n\t<!-- \/image-wrap -->\r\n    \r\n    \t<\/div>\r\n<!-- \/module image -->                    <\/div>\r\n                            <\/div>\r\n                        <div  data-lazy=\"1\" class=\"module_column sub_column col4-2 tb_wmyo009 last\">\r\n                                                        <div class=\"tb-column-inner tf_box tf_w\">\r\n                        <!-- module image -->\r\n<div  class=\"module module-image tb_v4xa020   image-top tf_mw\" data-lazy=\"1\">\r\n        <div class=\"image-wrap tf_rel tf_mw\">\r\n\t\t    <a href=\"http:\/\/christianestruyven.be\/wp-content\/uploads\/2018\/03\/12-iconen-4-large.jpg\"\r\n\t        class=\"lightbox-builder themify_lightbox\"\t       >\r\n\t\t   \t\t<img loading=\"lazy\" decoding=\"async\" src=\"http:\/\/christianestruyven.be\/wp-content\/uploads\/2018\/03\/12-iconen-4.jpg\" width=\"600\" height=\"500\" title=\"12 ICONES DE L\u2019ART CONTEMPORAIN 1960-2000\" alt=\"12 ICONES DE L\u2019ART CONTEMPORAIN 1960-2000\">\t    <\/a>\r\n\t\r\n\t\t<\/div>\r\n\t<!-- \/image-wrap -->\r\n    \r\n    \t<\/div>\r\n<!-- \/module image -->                    <\/div>\r\n                            <\/div>\r\n            \t    <\/div>\r\n\t<\/div><!-- \/themify_builder_sub_row -->\r\n\t<!-- module text -->\r\n<div  class=\"module module-text tb_ut1a501   \" data-lazy=\"1\">\r\n        <div  class=\"tb_text_wrap\">\r\n    <p style=\"text-align: center;\"><a href=\"\/fr\/contact\">Contactez-moi<\/a> pour plus d&#8217;informations.<\/p>    <\/div>\r\n<\/div>\r\n<!-- \/module text -->                    <\/div>\r\n                            <\/div>\r\n            \t    <\/div>\r\n\t    <!-- \/row_inner -->\r\n\t<\/div>\r\n\t<!-- \/module_row -->\r\n\t<\/div>\r\n<!--\/themify_builder_content-->\r\n<\/p>","protected":false},"excerpt":{"rendered":"<p>COMMENT LIRE L\u2019ART CONTEMPORAIN ? 12 IC\u00d4NES 1960-1990 L\u2019art contemporain est tant\u00f4t idol\u00e2tr\u00e9, tant\u00f4t vou\u00e9 aux g\u00e9monies. Il laisse rarement indiff\u00e9rent. Beaucoup de gens connaissent mal cet art et le condamnent trop vite. D\u00e8s lors, ils perdent toute opportunit\u00e9 d\u2019y trouver du plaisir ou de se retrouver dans cet art, qui, comme toujours, est un [&hellip;]<\/p>\n","protected":false},"author":3,"featured_media":0,"parent":0,"menu_order":0,"comment_status":"open","ping_status":"open","template":"page.php","meta":{"footnotes":""},"class_list":["post-2776","page","type-page","status-publish","hentry"],"builder_content":"<img src=\"http:\/\/christianestruyven.be\/wp-content\/uploads\/2018\/03\/12-iconen-hedendaagse-kunst.jpg\" width=\"600\" height=\"400\" title=\"12 ICONES DE L\u2019ART CONTEMPORAIN 1960-2000\" alt=\"12 ICONES DE L\u2019ART CONTEMPORAIN 1960-2000\">\n<h3>COMMENT LIRE L\u2019ART CONTEMPORAIN ? 12 IC\u00d4NES 1960-1990<\/h3> \n <p>L\u2019art contemporain est tant\u00f4t idol\u00e2tr\u00e9, tant\u00f4t vou\u00e9 aux g\u00e9monies. Il laisse rarement indiff\u00e9rent. Beaucoup de gens connaissent mal cet art et le condamnent trop vite. D\u00e8s lors, ils perdent toute opportunit\u00e9 d\u2019y trouver du plaisir ou de se retrouver dans cet art, qui, comme toujours, est un t\u00e9moignage de notre soci\u00e9t\u00e9. Depuis 1960, notre monde a chang\u00e9 \u00e0 un rythme effr\u00e9n\u00e9\u00a0: surconsommation, nouvelles technologies, m\u00e9dias de masse, culture visuelle omnipr\u00e9sente, globalisation, etc\u2026. L\u2019art a suivi cette \u00e9volution et la complexit\u00e9 de notre soci\u00e9t\u00e9 se refl\u00e8te \u00e0 son tour dans un art complexe. De plus, l\u2019art n\u2019a jamais \u00e9t\u00e9 \u00e9vident en soi et il a TOUJOURS requis un effort pour \u00eatre compris.<\/p> <p>Cette causerie pr\u00e9sente 12 ic\u00f4nes de l\u2019art contemporain entre 1960 et 1990 qui illustrent les grandes tendances de cette \u00e9poque : le <em>pop art<\/em>, le <em>minimalisme<\/em>, le <em>conceptualisme<\/em>, <em>l\u2019arte povera<\/em>, le <em>n\u00e9o<\/em>-<em>expressionisme,<\/em> la <em>D\u00fcsseldorf Schule f\u00fcr Fotografie<\/em>, les <em>Young British Artists<\/em>. Des \u0153uvres d\u2019artistes \u00e9tablis tels que Andy Warhol, Donald Judd, Bruce Nauman, Giuseppe Penone, Josef Beuys, Bernd et Hilla Becher, Cindy Sherman, Gerhard Richter, Jean-Michel Basquiat, Marlene Dumas, Andreas Gursky et Damien Hirst sont pass\u00e9es en revue. Une br\u00e8ve analyse d\u00e9crit les tendances \u00e9conomiques du march\u00e9 de l\u2019art depuis 1960.<\/p>\n<a href=\"http:\/\/christianestruyven.be\/wp-content\/uploads\/2018\/03\/12-iconen-1-large.jpg\"\n >\n <img src=\"http:\/\/christianestruyven.be\/wp-content\/uploads\/2018\/03\/12-iconen-1.jpg\" width=\"600\" height=\"500\" title=\"12 ICONES DE L\u2019ART CONTEMPORAIN 1960-2000\" alt=\"12 ICONES DE L\u2019ART CONTEMPORAIN 1960-2000\"> <\/a>\n<a href=\"http:\/\/christianestruyven.be\/wp-content\/uploads\/2018\/03\/12-iconen-2-large.jpg\"\n >\n <img src=\"http:\/\/christianestruyven.be\/wp-content\/uploads\/2018\/03\/12-iconen-2.jpg\" width=\"600\" height=\"500\" title=\"12 ICONES DE L\u2019ART CONTEMPORAIN 1960-2000\" alt=\"12 ICONES DE L\u2019ART CONTEMPORAIN 1960-2000\"> <\/a>\n<a href=\"http:\/\/christianestruyven.be\/wp-content\/uploads\/2018\/03\/12-iconen-3-large.jpg\"\n >\n <img src=\"http:\/\/christianestruyven.be\/wp-content\/uploads\/2018\/03\/12-iconen-3.jpg\" width=\"600\" title=\"12 ICONES DE L\u2019ART CONTEMPORAIN 1960-2000\" alt=\"12 ICONES DE L\u2019ART CONTEMPORAIN 1960-2000\"> <\/a>\n<a href=\"http:\/\/christianestruyven.be\/wp-content\/uploads\/2018\/03\/12-iconen-4-large.jpg\"\n >\n <img src=\"http:\/\/christianestruyven.be\/wp-content\/uploads\/2018\/03\/12-iconen-4.jpg\" width=\"600\" height=\"500\" title=\"12 ICONES DE L\u2019ART CONTEMPORAIN 1960-2000\" alt=\"12 ICONES DE L\u2019ART CONTEMPORAIN 1960-2000\"> <\/a>\n<p style=\"text-align: center;\"><a href=\"\/fr\/contact\">Contactez-moi<\/a> pour plus d'informations.<\/p>","_links":{"self":[{"href":"https:\/\/www.christianestruyven.be\/fr\/wp-json\/wp\/v2\/pages\/2776","targetHints":{"allow":["GET"]}}],"collection":[{"href":"https:\/\/www.christianestruyven.be\/fr\/wp-json\/wp\/v2\/pages"}],"about":[{"href":"https:\/\/www.christianestruyven.be\/fr\/wp-json\/wp\/v2\/types\/page"}],"author":[{"embeddable":true,"href":"https:\/\/www.christianestruyven.be\/fr\/wp-json\/wp\/v2\/users\/3"}],"replies":[{"embeddable":true,"href":"https:\/\/www.christianestruyven.be\/fr\/wp-json\/wp\/v2\/comments?post=2776"}],"version-history":[{"count":2,"href":"https:\/\/www.christianestruyven.be\/fr\/wp-json\/wp\/v2\/pages\/2776\/revisions"}],"predecessor-version":[{"id":3372,"href":"https:\/\/www.christianestruyven.be\/fr\/wp-json\/wp\/v2\/pages\/2776\/revisions\/3372"}],"wp:attachment":[{"href":"https:\/\/www.christianestruyven.be\/fr\/wp-json\/wp\/v2\/media?parent=2776"}],"curies":[{"name":"wp","href":"https:\/\/api.w.org\/{rel}","templated":true}]}}