{"id":2736,"date":"2017-02-25T13:52:02","date_gmt":"2017-02-25T12:52:02","guid":{"rendered":"http:\/\/christianestruyven.be\/fr\/wat-is-een-meesterwerk\/"},"modified":"2022-01-29T16:27:46","modified_gmt":"2022-01-29T15:27:46","slug":"quest-ce-quun-chef-doeuvre-partie-i","status":"publish","type":"page","link":"https:\/\/www.christianestruyven.be\/fr\/quest-ce-quun-chef-doeuvre-partie-i\/","title":{"rendered":"Qu&#8217;est-ce qu&#8217;un chef d\u2019oeuvre? Partie I"},"content":{"rendered":"<!--themify_builder_content-->\r\n<div id=\"themify_builder_content-2736\" data-postid=\"2736\" class=\"themify_builder_content themify_builder_content-2736 themify_builder tf_clear\">\r\n    \t\t\t<!-- module_row -->\r\n\t<div  data-lazy=\"1\" class=\"module_row themify_builder_row wc subrow-no-btm-mrg tb_9lhy303 tb_first tf_w tf_clearfix\">\r\n\t    \t\t\t<div class=\"row_inner col_align_top tb_col_count_2 tf_box tf_rel\">\r\n\t\t            <div  data-lazy=\"1\" class=\"module_column tb-column col3-1 tb_k67x305 first\">\r\n                                                        <div class=\"tb-column-inner tf_box tf_w\">\r\n                        <!-- module text -->\r\n<div  class=\"module module-text tb_1a3t305   \" data-lazy=\"1\">\r\n    <h3 class=\"module-title\">Qu'est-ce qu'un chef d\u2019oeuvre? Partie I<\/h3>    <div  class=\"tb_text_wrap\">\r\n    <p>Comment d\u00e9finit-on aujourd&#8217;hui un chef-d&#8217;\u0153uvre artistique ? Qu&#8217;est-ce qui fait que les nus classiques de 440 avant J.-C. ou le dernier autoportrait de Rembrandt de 1669 nous s\u00e9duisent encore ? D&#8217;o\u00f9 vient la magie des sculptures anonymes africaines du 13\u00e8me si\u00e8cle du Nigeria ? Pourquoi trouvons-nous toujours beaux des tableaux comme &#8220;Le Pont Japonais&#8221; de Monet ou &#8220;La Danse&#8221; de Matisse ? Comment expliquer, 70 ans apr\u00e8s, l&#8217;engouement pour le minimalisme de Mies van de Rohe dans les ann\u00e9es 1950 ? Pourquoi un pont parisien (1985) ou l&#8217;Arc de triomphe (2021), emball\u00e9s par Christo, nous touchent-ils ? Nous examinons de plus pr\u00e8s les diff\u00e9rents crit\u00e8res.<\/p>    <\/div>\r\n<\/div>\r\n<!-- \/module text -->                    <\/div>\r\n                            <\/div>\r\n                        <div  data-lazy=\"1\" class=\"module_column tb-column col3-2 tb_qxd2306 last\">\r\n                                                        <div class=\"tb-column-inner tf_box tf_w\">\r\n                        \t<div  data-lazy=\"1\" class=\"module_subrow themify_builder_sub_row tb_x1ut306 tf_w tf_clearfix\">\r\n\t    \t\t\t<div class=\"subrow_inner gutter-none col_align_top tb_col_count_2 tf_box tf_w\">\r\n\t\t            <div  data-lazy=\"1\" class=\"module_column sub_column col4-2 tb_3y2z306 first\">\r\n                                                        <div class=\"tb-column-inner tf_box tf_w\">\r\n                        <!-- module image -->\r\n<div  class=\"module module-image tb_jphj306   image-top tf_mw\" data-lazy=\"1\">\r\n        <div class=\"image-wrap tf_rel tf_mw\">\r\n\t\t    <a href=\"http:\/\/christianestruyven.be\/wp-content\/uploads\/2017\/02\/meesterwerken-1-large.jpg\"\r\n\t        class=\"lightbox-builder themify_lightbox\"\t       >\r\n\t\t   \t\t<img loading=\"lazy\" decoding=\"async\" src=\"http:\/\/christianestruyven.be\/wp-content\/uploads\/2017\/02\/meesterwerken-1.jpg\" width=\"600\" height=\"500\" title=\"Qu&#8217;est-ce qu&#8217;un chef d\u2019oeuvre? Partie I\" alt=\"Qu&#8217;est-ce qu&#8217;un chef d\u2019oeuvre? Partie I\">\t    <\/a>\r\n\t\r\n\t\t<\/div>\r\n\t<!-- \/image-wrap -->\r\n    \r\n    \t<\/div>\r\n<!-- \/module image -->                    <\/div>\r\n                            <\/div>\r\n                        <div  data-lazy=\"1\" class=\"module_column sub_column col4-2 tb_qp33307 last\">\r\n                                                        <div class=\"tb-column-inner tf_box tf_w\">\r\n                        <!-- module image -->\r\n<div  class=\"module module-image tb_julv307   image-top tf_mw\" data-lazy=\"1\">\r\n        <div class=\"image-wrap tf_rel tf_mw\">\r\n\t\t    <a href=\"http:\/\/christianestruyven.be\/wp-content\/uploads\/2017\/02\/meesterwerken-2-large.jpg\"\r\n\t        class=\"lightbox-builder themify_lightbox\"\t       >\r\n\t\t   \t\t<img loading=\"lazy\" decoding=\"async\" src=\"http:\/\/christianestruyven.be\/wp-content\/uploads\/2017\/02\/meesterwerken-2.jpg\" width=\"600\" height=\"500\" title=\"Qu&#8217;est-ce qu&#8217;un chef d\u2019oeuvre? Partie I\" alt=\"Qu&#8217;est-ce qu&#8217;un chef d\u2019oeuvre? Partie I\">\t    <\/a>\r\n\t\r\n\t\t<\/div>\r\n\t<!-- \/image-wrap -->\r\n    \r\n    \t<\/div>\r\n<!-- \/module image -->                    <\/div>\r\n                            <\/div>\r\n            \t    <\/div>\r\n\t<\/div><!-- \/themify_builder_sub_row -->\r\n\t\t<div  data-lazy=\"1\" class=\"module_subrow themify_builder_sub_row tb_hwi2307 tf_w tf_clearfix\">\r\n\t    \t\t\t<div class=\"subrow_inner gutter-none col_align_top tb_col_count_2 tf_box tf_w\">\r\n\t\t            <div  data-lazy=\"1\" class=\"module_column sub_column col4-2 tb_crj0307 first\">\r\n                                                        <div class=\"tb-column-inner tf_box tf_w\">\r\n                        <!-- module image -->\r\n<div  class=\"module module-image tb_kvx6307   image-top tf_mw\" data-lazy=\"1\">\r\n        <div class=\"image-wrap tf_rel tf_mw\">\r\n\t\t    <a href=\"http:\/\/christianestruyven.be\/wp-content\/uploads\/2017\/02\/meesterwerken-3-large.jpg\"\r\n\t        class=\"lightbox-builder themify_lightbox\"\t       >\r\n\t\t   \t\t<img loading=\"lazy\" decoding=\"async\" src=\"http:\/\/christianestruyven.be\/wp-content\/uploads\/2017\/02\/meesterwerken-3.jpg\" width=\"600\" height=\"500\" title=\"Qu&#8217;est-ce qu&#8217;un chef d\u2019oeuvre? Partie I\" alt=\"Qu&#8217;est-ce qu&#8217;un chef d\u2019oeuvre? Partie I\">\t    <\/a>\r\n\t\r\n\t\t<\/div>\r\n\t<!-- \/image-wrap -->\r\n    \r\n    \t<\/div>\r\n<!-- \/module image -->                    <\/div>\r\n                            <\/div>\r\n                        <div  data-lazy=\"1\" class=\"module_column sub_column col4-2 tb_zhsd308 last\">\r\n                                                        <div class=\"tb-column-inner tf_box tf_w\">\r\n                        <!-- module image -->\r\n<div  class=\"module module-image tb_ps3c308   image-top tf_mw\" data-lazy=\"1\">\r\n        <div class=\"image-wrap tf_rel tf_mw\">\r\n\t\t    <a href=\"http:\/\/christianestruyven.be\/wp-content\/uploads\/2017\/02\/meesterwerken-4-large.jpg\"\r\n\t        class=\"lightbox-builder themify_lightbox\"\t       >\r\n\t\t   \t\t<img decoding=\"async\" src=\"http:\/\/christianestruyven.be\/wp-content\/uploads\/2017\/02\/meesterwerken-4.jpg\" width=\"600\" title=\"Qu&#8217;est-ce qu&#8217;un chef d\u2019oeuvre? Partie I\" alt=\"Qu&#8217;est-ce qu&#8217;un chef d\u2019oeuvre? Partie I\">\t    <\/a>\r\n\t\r\n\t\t<\/div>\r\n\t<!-- \/image-wrap -->\r\n    \r\n    \t<\/div>\r\n<!-- \/module image -->                    <\/div>\r\n                            <\/div>\r\n            \t    <\/div>\r\n\t<\/div><!-- \/themify_builder_sub_row -->\r\n\t<!-- module text -->\r\n<div  class=\"module module-text tb_9dya308   \" data-lazy=\"1\">\r\n        <div  class=\"tb_text_wrap\">\r\n    <p style=\"text-align: center;\"><a href=\"\/fr\/contact\">Contactez-moi<\/a> pour plus d&#8217;informations.<\/p>    <\/div>\r\n<\/div>\r\n<!-- \/module text -->                    <\/div>\r\n                            <\/div>\r\n            \t    <\/div>\r\n\t    <!-- \/row_inner -->\r\n\t<\/div>\r\n\t<!-- \/module_row -->\r\n\t<\/div>\r\n<!--\/themify_builder_content-->","protected":false},"excerpt":{"rendered":"<p>Comment d\u00e9finit-on aujourd&#8217;hui un chef-d&#8217;\u0153uvre artistique ? Qu&#8217;est-ce qui fait que les nus classiques de 440 avant J.-C. ou le dernier autoportrait de Rembrandt de 1669 nous s\u00e9duisent encore ? D&#8217;o\u00f9 vient la magie des sculptures anonymes africaines du 13\u00e8me si\u00e8cle du Nigeria ? Pourquoi trouvons-nous toujours beaux des tableaux comme &#8220;Le Pont Japonais&#8221; de [&hellip;]<\/p>\n","protected":false},"author":3,"featured_media":0,"parent":0,"menu_order":0,"comment_status":"open","ping_status":"closed","template":"page.php","meta":{"footnotes":""},"class_list":["post-2736","page","type-page","status-publish","hentry"],"builder_content":"<h3>Qu'est-ce qu'un chef d\u2019oeuvre? Partie I<\/h3> \n <p>Comment d\u00e9finit-on aujourd'hui un chef-d'\u0153uvre artistique ? Qu'est-ce qui fait que les nus classiques de 440 avant J.-C. ou le dernier autoportrait de Rembrandt de 1669 nous s\u00e9duisent encore ? D'o\u00f9 vient la magie des sculptures anonymes africaines du 13\u00e8me si\u00e8cle du Nigeria ? Pourquoi trouvons-nous toujours beaux des tableaux comme \"Le Pont Japonais\" de Monet ou \"La Danse\" de Matisse ? Comment expliquer, 70 ans apr\u00e8s, l'engouement pour le minimalisme de Mies van de Rohe dans les ann\u00e9es 1950 ? Pourquoi un pont parisien (1985) ou l'Arc de triomphe (2021), emball\u00e9s par Christo, nous touchent-ils ? Nous examinons de plus pr\u00e8s les diff\u00e9rents crit\u00e8res.<\/p>\n<a href=\"http:\/\/christianestruyven.be\/wp-content\/uploads\/2017\/02\/meesterwerken-1-large.jpg\"\n >\n <img src=\"http:\/\/christianestruyven.be\/wp-content\/uploads\/2017\/02\/meesterwerken-1.jpg\" width=\"600\" height=\"500\" title=\"Qu&#8217;est-ce qu&#8217;un chef d\u2019oeuvre? Partie I\" alt=\"Qu&#8217;est-ce qu&#8217;un chef d\u2019oeuvre? Partie I\"> <\/a>\n<a href=\"http:\/\/christianestruyven.be\/wp-content\/uploads\/2017\/02\/meesterwerken-2-large.jpg\"\n >\n <img src=\"http:\/\/christianestruyven.be\/wp-content\/uploads\/2017\/02\/meesterwerken-2.jpg\" width=\"600\" height=\"500\" title=\"Qu&#8217;est-ce qu&#8217;un chef d\u2019oeuvre? Partie I\" alt=\"Qu&#8217;est-ce qu&#8217;un chef d\u2019oeuvre? Partie I\"> <\/a>\n<a href=\"http:\/\/christianestruyven.be\/wp-content\/uploads\/2017\/02\/meesterwerken-3-large.jpg\"\n >\n <img src=\"http:\/\/christianestruyven.be\/wp-content\/uploads\/2017\/02\/meesterwerken-3.jpg\" width=\"600\" height=\"500\" title=\"Qu&#8217;est-ce qu&#8217;un chef d\u2019oeuvre? Partie I\" alt=\"Qu&#8217;est-ce qu&#8217;un chef d\u2019oeuvre? Partie I\"> <\/a>\n<a href=\"http:\/\/christianestruyven.be\/wp-content\/uploads\/2017\/02\/meesterwerken-4-large.jpg\"\n >\n <img src=\"http:\/\/christianestruyven.be\/wp-content\/uploads\/2017\/02\/meesterwerken-4.jpg\" width=\"600\" title=\"Qu&#8217;est-ce qu&#8217;un chef d\u2019oeuvre? Partie I\" alt=\"Qu&#8217;est-ce qu&#8217;un chef d\u2019oeuvre? Partie I\"> <\/a>\n<p style=\"text-align: center;\"><a href=\"\/fr\/contact\">Contactez-moi<\/a> pour plus d'informations.<\/p>","_links":{"self":[{"href":"https:\/\/www.christianestruyven.be\/fr\/wp-json\/wp\/v2\/pages\/2736","targetHints":{"allow":["GET"]}}],"collection":[{"href":"https:\/\/www.christianestruyven.be\/fr\/wp-json\/wp\/v2\/pages"}],"about":[{"href":"https:\/\/www.christianestruyven.be\/fr\/wp-json\/wp\/v2\/types\/page"}],"author":[{"embeddable":true,"href":"https:\/\/www.christianestruyven.be\/fr\/wp-json\/wp\/v2\/users\/3"}],"replies":[{"embeddable":true,"href":"https:\/\/www.christianestruyven.be\/fr\/wp-json\/wp\/v2\/comments?post=2736"}],"version-history":[{"count":5,"href":"https:\/\/www.christianestruyven.be\/fr\/wp-json\/wp\/v2\/pages\/2736\/revisions"}],"predecessor-version":[{"id":3238,"href":"https:\/\/www.christianestruyven.be\/fr\/wp-json\/wp\/v2\/pages\/2736\/revisions\/3238"}],"wp:attachment":[{"href":"https:\/\/www.christianestruyven.be\/fr\/wp-json\/wp\/v2\/media?parent=2736"}],"curies":[{"name":"wp","href":"https:\/\/api.w.org\/{rel}","templated":true}]}}