{"id":2482,"date":"2015-06-11T21:26:49","date_gmt":"2015-06-11T20:26:49","guid":{"rendered":"http:\/\/christianestruyven.be\/fr\/fotografie\/"},"modified":"2022-01-29T16:48:14","modified_gmt":"2022-01-29T15:48:14","slug":"photographie-1900-1950","status":"publish","type":"page","link":"https:\/\/www.christianestruyven.be\/fr\/photographie-1900-1950\/","title":{"rendered":"Photographie 1900-1950"},"content":{"rendered":"<!--themify_builder_content-->\r\n<div id=\"themify_builder_content-2482\" data-postid=\"2482\" class=\"themify_builder_content themify_builder_content-2482 themify_builder tf_clear\">\r\n    \t\t\t<!-- module_row -->\r\n\t<div  data-lazy=\"1\" class=\"module_row themify_builder_row wc subrow-no-btm-mrg tb_ergh161 tb_first tf_w tf_clearfix\">\r\n\t    \t\t\t<div class=\"row_inner col_align_top tb_col_count_2 tf_box tf_rel\">\r\n\t\t            <div  data-lazy=\"1\" class=\"module_column tb-column col3-1 tb_eg5z162 first\">\r\n                                                        <div class=\"tb-column-inner tf_box tf_w\">\r\n                        <!-- module image -->\r\n<div  class=\"module module-image tb_m46a163   image-top tf_mw\" data-lazy=\"1\">\r\n        <div class=\"image-wrap tf_rel tf_mw\">\r\n\t\t    <img loading=\"lazy\" decoding=\"async\" src=\"http:\/\/christianestruyven.be\/wp-content\/uploads\/2015\/06\/fotografie-picture.jpg\" width=\"600\" height=\"400\" title=\"Photographie 1900-1950\" alt=\"Photographie 1900-1950\">\t\r\n\t\t<\/div>\r\n\t<!-- \/image-wrap -->\r\n    \r\n    \t<\/div>\r\n<!-- \/module image --><!-- module text -->\r\n<div  class=\"module module-text tb_qk7a164   \" data-lazy=\"1\">\r\n    <h3 class=\"module-title\">Comment la photographie devient un nouveau genre artistique 1900-1950<\/h3>    <div  class=\"tb_text_wrap\">\r\n    <p>En 1890, la cam\u00e9ra Graflex et la pellicule Kodak, deux inventions r\u00e9alis\u00e9es \u00e0 New York, permettent de faire des photos \u00e0 l\u2019ext\u00e9rieur et de choisir des th\u00e8mes modernes et urbains. Des pionniers tels que Alfred Stieglitz et Edward Steichen y jouent un r\u00f4le majeur. Lewis Hine r\u00e9alise ses premi\u00e8res photos engag\u00e9es contre le travail des enfants, qui ont eu par ailleurs un impact \u00e9norme.<\/p><p>En 1925, gr\u00e2ce \u00e0 l\u2019invention de la cam\u00e9ra Leica, des ampoules flashs et des proc\u00e9d\u00e9s rapides d\u2019impression, un nouveau genre de \u00ab photo-journalisme\u00a0\u00bb na\u00eet dans des magazines comme <em>Life, Time, Vogue, Harper\u2019s Bazar, Paris Match<\/em>, etc. Cartier-Bresson, Alfred Eisenstaedt, Dorothea Lange et Margaret Bourke-White deviennent des c\u00e9l\u00e9brit\u00e9s. En m\u00eame temps, Edward Weston et Ansel Adams r\u00e9alisent de la photographie artistique. Robert Capa lance la photographie de guerre. Man Ray s\u2019investit dans la photo surr\u00e9aliste. Richard Avedon lance ses merveilleuses images de mode avec le <em>New Look<\/em> de Dior en 1947.<\/p>    <\/div>\r\n<\/div>\r\n<!-- \/module text -->                    <\/div>\r\n                            <\/div>\r\n                        <div  data-lazy=\"1\" class=\"module_column tb-column col3-2 tb_r1i5164 last\">\r\n                                                        <div class=\"tb-column-inner tf_box tf_w\">\r\n                        \t<div  data-lazy=\"1\" class=\"module_subrow themify_builder_sub_row tb_5ryi164 tf_w tf_clearfix\">\r\n\t    \t\t\t<div class=\"subrow_inner gutter-none col_align_top tb_col_count_2 tf_box tf_w\">\r\n\t\t            <div  data-lazy=\"1\" class=\"module_column sub_column col4-2 tb_p6i5164 first\">\r\n                                                        <div class=\"tb-column-inner tf_box tf_w\">\r\n                        <!-- module image -->\r\n<div  class=\"module module-image tb_2te3165   image-top tf_mw\" data-lazy=\"1\">\r\n        <div class=\"image-wrap tf_rel tf_mw\">\r\n\t\t    <a href=\"http:\/\/christianestruyven.be\/wp-content\/uploads\/2015\/06\/fotografie-1-large.jpg\"\r\n\t        class=\"lightbox-builder themify_lightbox\"\t       >\r\n\t\t   \t\t<img loading=\"lazy\" decoding=\"async\" src=\"http:\/\/christianestruyven.be\/wp-content\/uploads\/2015\/06\/fotografie-1.jpg\" width=\"600\" height=\"500\" title=\"Photographie 1900-1950\" alt=\"Photographie 1900-1950\">\t    <\/a>\r\n\t\r\n\t\t<\/div>\r\n\t<!-- \/image-wrap -->\r\n    \r\n    \t<\/div>\r\n<!-- \/module image -->                    <\/div>\r\n                            <\/div>\r\n                        <div  data-lazy=\"1\" class=\"module_column sub_column col4-2 tb_o4pv165 last\">\r\n                                                        <div class=\"tb-column-inner tf_box tf_w\">\r\n                        <!-- module image -->\r\n<div  class=\"module module-image tb_3wbq165   image-top tf_mw\" data-lazy=\"1\">\r\n        <div class=\"image-wrap tf_rel tf_mw\">\r\n\t\t    <a href=\"http:\/\/christianestruyven.be\/wp-content\/uploads\/2015\/06\/fotografie-2-large.jpg\"\r\n\t        class=\"lightbox-builder themify_lightbox\"\t       >\r\n\t\t   \t\t<img loading=\"lazy\" decoding=\"async\" src=\"http:\/\/christianestruyven.be\/wp-content\/uploads\/2015\/06\/fotografie-2.jpg\" width=\"600\" height=\"500\" title=\"Photographie 1900-1950\" alt=\"Photographie 1900-1950\">\t    <\/a>\r\n\t\r\n\t\t<\/div>\r\n\t<!-- \/image-wrap -->\r\n    \r\n    \t<\/div>\r\n<!-- \/module image -->                    <\/div>\r\n                            <\/div>\r\n            \t    <\/div>\r\n\t<\/div><!-- \/themify_builder_sub_row -->\r\n\t\t<div  data-lazy=\"1\" class=\"module_subrow themify_builder_sub_row tb_32j7165 tf_w tf_clearfix\">\r\n\t    \t\t\t<div class=\"subrow_inner gutter-none col_align_top tb_col_count_2 tf_box tf_w\">\r\n\t\t            <div  data-lazy=\"1\" class=\"module_column sub_column col4-2 tb_icd3165 first\">\r\n                                                        <div class=\"tb-column-inner tf_box tf_w\">\r\n                        <!-- module image -->\r\n<div  class=\"module module-image tb_xden166   image-top tf_mw\" data-lazy=\"1\">\r\n        <div class=\"image-wrap tf_rel tf_mw\">\r\n\t\t    <a href=\"http:\/\/christianestruyven.be\/wp-content\/uploads\/2015\/06\/fotografie-3-large.jpg\"\r\n\t        class=\"lightbox-builder themify_lightbox\"\t       >\r\n\t\t   \t\t<img loading=\"lazy\" decoding=\"async\" src=\"http:\/\/christianestruyven.be\/wp-content\/uploads\/2015\/06\/fotografie-3.jpg\" width=\"600\" height=\"500\" title=\"Photographie 1900-1950\" alt=\"Photographie 1900-1950\">\t    <\/a>\r\n\t\r\n\t\t<\/div>\r\n\t<!-- \/image-wrap -->\r\n    \r\n    \t<\/div>\r\n<!-- \/module image -->                    <\/div>\r\n                            <\/div>\r\n                        <div  data-lazy=\"1\" class=\"module_column sub_column col4-2 tb_grj8166 last\">\r\n                                                        <div class=\"tb-column-inner tf_box tf_w\">\r\n                        <!-- module image -->\r\n<div  class=\"module module-image tb_5cck166   image-top tf_mw\" data-lazy=\"1\">\r\n        <div class=\"image-wrap tf_rel tf_mw\">\r\n\t\t    <a href=\"http:\/\/christianestruyven.be\/wp-content\/uploads\/2015\/06\/fotografie-4-large.jpg\"\r\n\t        class=\"lightbox-builder themify_lightbox\"\t       >\r\n\t\t   \t\t<img loading=\"lazy\" decoding=\"async\" src=\"http:\/\/christianestruyven.be\/wp-content\/uploads\/2015\/06\/fotografie-4.jpg\" width=\"600\" height=\"500\" title=\"Photographie 1900-1950\" alt=\"Photographie 1900-1950\">\t    <\/a>\r\n\t\r\n\t\t<\/div>\r\n\t<!-- \/image-wrap -->\r\n    \r\n    \t<\/div>\r\n<!-- \/module image -->                    <\/div>\r\n                            <\/div>\r\n            \t    <\/div>\r\n\t<\/div><!-- \/themify_builder_sub_row -->\r\n\t<!-- module text -->\r\n<div  class=\"module module-text tb_c9eu166   \" data-lazy=\"1\">\r\n        <div  class=\"tb_text_wrap\">\r\n    <p style=\"text-align: center;\"><a href=\"\/fr\/contact\">Contactez-moi<\/a> pour plus d&#8217;informations.<\/p>    <\/div>\r\n<\/div>\r\n<!-- \/module text -->                    <\/div>\r\n                            <\/div>\r\n            \t    <\/div>\r\n\t    <!-- \/row_inner -->\r\n\t<\/div>\r\n\t<!-- \/module_row -->\r\n\t<\/div>\r\n<!--\/themify_builder_content-->","protected":false},"excerpt":{"rendered":"<p>En 1890, la cam\u00e9ra Graflex et la pellicule Kodak, deux inventions r\u00e9alis\u00e9es \u00e0 New York, permettent de faire des photos \u00e0 l\u2019ext\u00e9rieur et de choisir des th\u00e8mes modernes et urbains. Des pionniers tels que Alfred Stieglitz et Edward Steichen y jouent un r\u00f4le majeur. Lewis Hine r\u00e9alise ses premi\u00e8res photos engag\u00e9es contre le travail des [&hellip;]<\/p>\n","protected":false},"author":3,"featured_media":0,"parent":0,"menu_order":0,"comment_status":"open","ping_status":"closed","template":"page.php","meta":{"footnotes":""},"class_list":["post-2482","page","type-page","status-publish","hentry"],"builder_content":"<img src=\"http:\/\/christianestruyven.be\/wp-content\/uploads\/2015\/06\/fotografie-picture.jpg\" width=\"600\" height=\"400\" title=\"Photographie 1900-1950\" alt=\"Photographie 1900-1950\">\n<h3>Comment la photographie devient un nouveau genre artistique 1900-1950<\/h3> \n <p>En 1890, la cam\u00e9ra Graflex et la pellicule Kodak, deux inventions r\u00e9alis\u00e9es \u00e0 New York, permettent de faire des photos \u00e0 l\u2019ext\u00e9rieur et de choisir des th\u00e8mes modernes et urbains. Des pionniers tels que Alfred Stieglitz et Edward Steichen y jouent un r\u00f4le majeur. Lewis Hine r\u00e9alise ses premi\u00e8res photos engag\u00e9es contre le travail des enfants, qui ont eu par ailleurs un impact \u00e9norme.<\/p><p>En 1925, gr\u00e2ce \u00e0 l\u2019invention de la cam\u00e9ra Leica, des ampoules flashs et des proc\u00e9d\u00e9s rapides d\u2019impression, un nouveau genre de \u00ab photo-journalisme\u00a0\u00bb na\u00eet dans des magazines comme <em>Life, Time, Vogue, Harper\u2019s Bazar, Paris Match<\/em>, etc. Cartier-Bresson, Alfred Eisenstaedt, Dorothea Lange et Margaret Bourke-White deviennent des c\u00e9l\u00e9brit\u00e9s. En m\u00eame temps, Edward Weston et Ansel Adams r\u00e9alisent de la photographie artistique. Robert Capa lance la photographie de guerre. Man Ray s\u2019investit dans la photo surr\u00e9aliste. Richard Avedon lance ses merveilleuses images de mode avec le <em>New Look<\/em> de Dior en 1947.<\/p>\n<a href=\"http:\/\/christianestruyven.be\/wp-content\/uploads\/2015\/06\/fotografie-1-large.jpg\"\n >\n <img src=\"http:\/\/christianestruyven.be\/wp-content\/uploads\/2015\/06\/fotografie-1.jpg\" width=\"600\" height=\"500\" title=\"Photographie 1900-1950\" alt=\"Photographie 1900-1950\"> <\/a>\n<a href=\"http:\/\/christianestruyven.be\/wp-content\/uploads\/2015\/06\/fotografie-2-large.jpg\"\n >\n <img src=\"http:\/\/christianestruyven.be\/wp-content\/uploads\/2015\/06\/fotografie-2.jpg\" width=\"600\" height=\"500\" title=\"Photographie 1900-1950\" alt=\"Photographie 1900-1950\"> <\/a>\n<a href=\"http:\/\/christianestruyven.be\/wp-content\/uploads\/2015\/06\/fotografie-3-large.jpg\"\n >\n <img src=\"http:\/\/christianestruyven.be\/wp-content\/uploads\/2015\/06\/fotografie-3.jpg\" width=\"600\" height=\"500\" title=\"Photographie 1900-1950\" alt=\"Photographie 1900-1950\"> <\/a>\n<a href=\"http:\/\/christianestruyven.be\/wp-content\/uploads\/2015\/06\/fotografie-4-large.jpg\"\n >\n <img src=\"http:\/\/christianestruyven.be\/wp-content\/uploads\/2015\/06\/fotografie-4.jpg\" width=\"600\" height=\"500\" title=\"Photographie 1900-1950\" alt=\"Photographie 1900-1950\"> <\/a>\n<p style=\"text-align: center;\"><a href=\"\/fr\/contact\">Contactez-moi<\/a> pour plus d'informations.<\/p>","_links":{"self":[{"href":"https:\/\/www.christianestruyven.be\/fr\/wp-json\/wp\/v2\/pages\/2482","targetHints":{"allow":["GET"]}}],"collection":[{"href":"https:\/\/www.christianestruyven.be\/fr\/wp-json\/wp\/v2\/pages"}],"about":[{"href":"https:\/\/www.christianestruyven.be\/fr\/wp-json\/wp\/v2\/types\/page"}],"author":[{"embeddable":true,"href":"https:\/\/www.christianestruyven.be\/fr\/wp-json\/wp\/v2\/users\/3"}],"replies":[{"embeddable":true,"href":"https:\/\/www.christianestruyven.be\/fr\/wp-json\/wp\/v2\/comments?post=2482"}],"version-history":[{"count":6,"href":"https:\/\/www.christianestruyven.be\/fr\/wp-json\/wp\/v2\/pages\/2482\/revisions"}],"predecessor-version":[{"id":3258,"href":"https:\/\/www.christianestruyven.be\/fr\/wp-json\/wp\/v2\/pages\/2482\/revisions\/3258"}],"wp:attachment":[{"href":"https:\/\/www.christianestruyven.be\/fr\/wp-json\/wp\/v2\/media?parent=2482"}],"curies":[{"name":"wp","href":"https:\/\/api.w.org\/{rel}","templated":true}]}}